{"id":158253,"date":"2024-07-18T10:01:03","date_gmt":"2024-07-18T10:01:03","guid":{"rendered":"https:\/\/autostil.ba\/maloprodaja\/?post_type=product&#038;p=158253"},"modified":"2026-04-08T12:32:59","modified_gmt":"2026-04-08T10:32:59","slug":"folija-za-staklo-skyfol-nt-ceramic90-1-01x30m","status":"publish","type":"product","link":"https:\/\/autostil.ba\/maloprodaja\/proizvod\/11876\/folija-za-staklo-skyfol-nt-ceramic90-1-01x30m\/","title":{"rendered":"FOLIJA ZA STAKLO SKYFOL NT CERAMIC90 1.01X30M"},"content":{"rendered":"","protected":false},"excerpt":{"rendered":"<p>FOLIJA ZA STAKLO SKYFOL NT CERAMIC90 1,01X30M;  <\/p>\n<p>Skyfol NT Ceramic Premium folija za automobilske prozore je obra\u0111ena u vi\u0161e slojeva za jednostavnu ugradnju, izuzetnu izdr\u017eljivost i visoku toplotnu za\u0161titu. U lak\u0161im verzijama, pru\u017ea besprijekorne performanse s infra-apsorbiraju\u0107im \u010desticama.Lak\u0161e verzije Skyfol NT Ceramic tako\u0111e pru\u017eaju efikasnu toplotnu za\u0161titu, a Skyfol NT Ceramic 90 se mo\u017ee ugraditi na skoro sva prednja bo\u010dna stakla i vetrobranska stakla sa brojem licence i sertifikatom o odobrenju. Uskla\u0111uje se sa specifikacijom od 70% kada se instalira na staklo i odr\u017eava 45% infracrvenog zra\u010denja na otvorenom. Garancija: TRAJNO Folija ispunjava sve zakonom propisane mjere za postavljanje i kori\u0161tenje na staklima automobila.Posjeduje ABG broj i svu prate\u0107u dokumentaciju u skladu da zakonom Bosne i Hercegovine, ali i Austrije,Njema\u010dke i ostalih zemalja EU.<\/p>\n","protected":false},"featured_media":158254,"comment_status":"open","ping_status":"closed","template":"","meta":{"_acf_changed":false,"inline_featured_image":false},"product_brand":[],"product_cat":[130],"product_tag":[],"class_list":{"0":"post-158253","1":"product","2":"type-product","3":"status-publish","4":"has-post-thumbnail","6":"product_cat-folije-za-zatamnjivanje-stakla","8":"first","9":"instock","10":"taxable","11":"shipping-taxable","12":"purchasable","13":"product-type-simple"},"acf":[],"custom_product_id":"11876","_links":{"self":[{"href":"https:\/\/autostil.ba\/maloprodaja\/wp-json\/wp\/v2\/product\/158253","targetHints":{"allow":["GET"]}}],"collection":[{"href":"https:\/\/autostil.ba\/maloprodaja\/wp-json\/wp\/v2\/product"}],"about":[{"href":"https:\/\/autostil.ba\/maloprodaja\/wp-json\/wp\/v2\/types\/product"}],"replies":[{"embeddable":true,"href":"https:\/\/autostil.ba\/maloprodaja\/wp-json\/wp\/v2\/comments?post=158253"}],"version-history":[{"count":1,"href":"https:\/\/autostil.ba\/maloprodaja\/wp-json\/wp\/v2\/product\/158253\/revisions"}],"predecessor-version":[{"id":158255,"href":"https:\/\/autostil.ba\/maloprodaja\/wp-json\/wp\/v2\/product\/158253\/revisions\/158255"}],"wp:featuredmedia":[{"embeddable":true,"href":"https:\/\/autostil.ba\/maloprodaja\/wp-json\/wp\/v2\/media\/158254"}],"wp:attachment":[{"href":"https:\/\/autostil.ba\/maloprodaja\/wp-json\/wp\/v2\/media?parent=158253"}],"wp:term":[{"taxonomy":"product_brand","embeddable":true,"href":"https:\/\/autostil.ba\/maloprodaja\/wp-json\/wp\/v2\/product_brand?post=158253"},{"taxonomy":"product_cat","embeddable":true,"href":"https:\/\/autostil.ba\/maloprodaja\/wp-json\/wp\/v2\/product_cat?post=158253"},{"taxonomy":"product_tag","embeddable":true,"href":"https:\/\/autostil.ba\/maloprodaja\/wp-json\/wp\/v2\/product_tag?post=158253"}],"curies":[{"name":"wp","href":"https:\/\/api.w.org\/{rel}","templated":true}]}}