{"id":158183,"date":"2024-07-18T10:00:59","date_gmt":"2024-07-18T08:00:59","guid":{"rendered":"https:\/\/autostil.ba\/maloprodaja\/?post_type=product&#038;p=158183"},"modified":"2026-04-08T12:32:53","modified_gmt":"2026-04-08T10:32:53","slug":"folija-za-staklo-skyfol-hppro15-abg-0-51x30m","status":"publish","type":"product","link":"https:\/\/autostil.ba\/maloprodaja\/proizvod\/11869\/folija-za-staklo-skyfol-hppro15-abg-0-51x30m\/","title":{"rendered":"FOLIJA ZA STAKLO SKYFOL HPPRO15 ABG 0.51X30M"},"content":{"rendered":"","protected":false},"excerpt":{"rendered":"<p>FOLIJA ZA STAKLO SKYFOL HPPRO15 ABG 0,51X30M;<\/p>\n<p>HP Pro je hibridni film visokih performansi, metalnih boja dostupan s razli\u010ditim razinama prijenosa svjetlosti.Cijela grupa ovih folija \u0161titi od vru\u0107ine, odbljeska i \u0161tetnog UV zra\u010denja. Film je optimiziran metaliziranim poliesterom i postojanim stabilnim bojama kako bi se osigurala niska vanjska refleksija. Karakteristike: Premium hibridni film: daje vrhunsku za\u0161titu od vru\u0107ine i odsjaja s minimalnim efektom zrcala. Izvrsni UV blok &gt; 99% Izvrsno rukovanje s kontroliranim skupljanjem Smanjeno vrijeme su\u0161enja Iznuzetna solarna izvedba Superiorna estetika, krajnja jasno\u0107a i stabilnost boja. Pogodnosti: \u010cuva vozila hladnim i udobnim. Pobolj\u0161ava stil vozila i privatnost. \u0160iroki raspon nivoa zatamnjenja. Tokom odre\u0111enog vremenskog perioda i dalje izgleda odli\u010dno. Specifikacije Vrsta primjena: Primjena: Prozori Unutra\u0161nja i vanjska upotreba Ljepilo i podloga Sastav ljepila: Akrilni premaz na bazi otapala Akril na bazi vode Uklanjanje: Trajno Dimenzije Debljina: 38 \u03bc Pohrana proizvoda Rok trajanja: 2 godine Uvjeti skladi\u0161tenja i prijenosa: 20 \u00b0 C +\/- 2 \u00b0 C s 50% +\/- 5% Rok trajanja Garancija: 10 godina Folija ispunjava sve zakonom propisane mjere za postavljanje i kori\u0161tenje na staklima automobila.Posjeduje ABG broj i svu prate\u0107u dokumentaciju u skladu da zakonom Bosne i Hercegovine, ali i Austrije,Njema\u010dke i ostalih zemalja EU.<\/p>\n","protected":false},"featured_media":158184,"comment_status":"open","ping_status":"closed","template":"","meta":{"_acf_changed":false,"inline_featured_image":false},"product_brand":[],"product_cat":[130],"product_tag":[],"class_list":{"0":"post-158183","1":"product","2":"type-product","3":"status-publish","4":"has-post-thumbnail","6":"product_cat-folije-za-zatamnjivanje-stakla","8":"first","9":"instock","10":"taxable","11":"shipping-taxable","12":"purchasable","13":"product-type-simple"},"acf":[],"custom_product_id":"11869","_links":{"self":[{"href":"https:\/\/autostil.ba\/maloprodaja\/wp-json\/wp\/v2\/product\/158183","targetHints":{"allow":["GET"]}}],"collection":[{"href":"https:\/\/autostil.ba\/maloprodaja\/wp-json\/wp\/v2\/product"}],"about":[{"href":"https:\/\/autostil.ba\/maloprodaja\/wp-json\/wp\/v2\/types\/product"}],"replies":[{"embeddable":true,"href":"https:\/\/autostil.ba\/maloprodaja\/wp-json\/wp\/v2\/comments?post=158183"}],"version-history":[{"count":2,"href":"https:\/\/autostil.ba\/maloprodaja\/wp-json\/wp\/v2\/product\/158183\/revisions"}],"predecessor-version":[{"id":793051403,"href":"https:\/\/autostil.ba\/maloprodaja\/wp-json\/wp\/v2\/product\/158183\/revisions\/793051403"}],"wp:featuredmedia":[{"embeddable":true,"href":"https:\/\/autostil.ba\/maloprodaja\/wp-json\/wp\/v2\/media\/158184"}],"wp:attachment":[{"href":"https:\/\/autostil.ba\/maloprodaja\/wp-json\/wp\/v2\/media?parent=158183"}],"wp:term":[{"taxonomy":"product_brand","embeddable":true,"href":"https:\/\/autostil.ba\/maloprodaja\/wp-json\/wp\/v2\/product_brand?post=158183"},{"taxonomy":"product_cat","embeddable":true,"href":"https:\/\/autostil.ba\/maloprodaja\/wp-json\/wp\/v2\/product_cat?post=158183"},{"taxonomy":"product_tag","embeddable":true,"href":"https:\/\/autostil.ba\/maloprodaja\/wp-json\/wp\/v2\/product_tag?post=158183"}],"curies":[{"name":"wp","href":"https:\/\/api.w.org\/{rel}","templated":true}]}}