{"id":158163,"date":"2024-07-18T10:00:58","date_gmt":"2024-07-18T08:00:58","guid":{"rendered":"https:\/\/autostil.ba\/maloprodaja\/?post_type=product&#038;p=158163"},"modified":"2026-04-08T12:32:53","modified_gmt":"2026-04-08T10:32:53","slug":"folija-za-staklo-skyfol-hppro05-abg-0-51x30m","status":"publish","type":"product","link":"https:\/\/autostil.ba\/maloprodaja\/proizvod\/11867\/folija-za-staklo-skyfol-hppro05-abg-0-51x30m\/","title":{"rendered":"FOLIJA ZA STAKLO SKYFOL HPPRO05 ABG 0.51X30M"},"content":{"rendered":"","protected":false},"excerpt":{"rendered":"<p>FOLIJA ZA STAKLO SKYFOL HPPRO05 ABG 0,51X30M<br \/>\nHP Pro je hibridni film visokih performansi, metalnih boja dostupan s razli\u010ditim razinama prijenosa svjetlosti.Cijela grupa ovih folija \u0161titi od vru\u0107ine, odbljeska i \u0161tetnog UV zra\u010denja. Film je optimiziran metaliziranim poliesterom i postojanim stabilnim bojama kako bi se osigurala niska vanjska refleksija.<\/p>\n<p>Karakteristike:<\/p>\n<p>Premium hibridni film: daje vrhunsku za\u0161titu od vru\u0107ine i odsjaja s minimalnim efektom zrcala.<\/p>\n<p>Izvrsni UV blok &gt; 99%<\/p>\n<p>Izvrsno rukovanje s kontroliranim skupljanjem<\/p>\n<p>Smanjeno vrijeme su\u0161enja<\/p>\n<p>Iznuzetna solarna izvedba<\/p>\n<p>Superiorna estetika, krajnja jasno\u0107a i stabilnost boja.<\/p>\n<p>Pogodnosti:<\/p>\n<p>\u010cuva vozila hladnim i udobnim.<\/p>\n<p>Pobolj\u0161ava stil vozila i privatnost.<\/p>\n<p>\u0160iroki raspon nivoa zatamnjenja.<\/p>\n<p>Tokom odre\u0111enog vremenskog perioda i dalje izgleda odli\u010dno.<\/p>\n<p>Specifikacije<\/p>\n<p>Vrsta primjena:<\/p>\n<p>Primjena: Prozori<\/p>\n<p>Unutra\u0161nja i vanjska upotreba<\/p>\n<p>Ljepilo i podloga<\/p>\n<p>Sastav ljepila: Akrilni premaz na bazi otapala<\/p>\n<p>Akril na bazi vode<\/p>\n<p>Uklanjanje: Trajno<\/p>\n<p>Dimenzije<\/p>\n<p>Debljina: 38 \u03bc<\/p>\n<p>Pohrana proizvoda<\/p>\n<p>Rok trajanja: 2 godine<\/p>\n<p>Uvjeti skladi\u0161tenja i prijenosa: 20 \u00b0 C +\/- 2 \u00b0 C s 50% +\/- 5%<\/p>\n<p>Rok trajanja<\/p>\n<p>Garancija: 10 godina<br \/>\nFolija ispunjava sve zakonom propisane mjere za postavljanje i kori\u0161tenje na staklima automobila.Posjeduje ABG broj i svu prate\u0107u dokumentaciju u skladu da zakonom Bosne i Hercegovine, ali i Austrije,Njema\u010dke i ostalih zemalja EU.<\/p>\n","protected":false},"featured_media":158164,"comment_status":"open","ping_status":"closed","template":"","meta":{"_acf_changed":false,"inline_featured_image":false},"product_brand":[],"product_cat":[130],"product_tag":[],"class_list":{"0":"post-158163","1":"product","2":"type-product","3":"status-publish","4":"has-post-thumbnail","6":"product_cat-folije-za-zatamnjivanje-stakla","8":"first","9":"instock","10":"taxable","11":"shipping-taxable","12":"purchasable","13":"product-type-simple"},"acf":[],"custom_product_id":"11867","_links":{"self":[{"href":"https:\/\/autostil.ba\/maloprodaja\/wp-json\/wp\/v2\/product\/158163","targetHints":{"allow":["GET"]}}],"collection":[{"href":"https:\/\/autostil.ba\/maloprodaja\/wp-json\/wp\/v2\/product"}],"about":[{"href":"https:\/\/autostil.ba\/maloprodaja\/wp-json\/wp\/v2\/types\/product"}],"replies":[{"embeddable":true,"href":"https:\/\/autostil.ba\/maloprodaja\/wp-json\/wp\/v2\/comments?post=158163"}],"version-history":[{"count":2,"href":"https:\/\/autostil.ba\/maloprodaja\/wp-json\/wp\/v2\/product\/158163\/revisions"}],"predecessor-version":[{"id":793050650,"href":"https:\/\/autostil.ba\/maloprodaja\/wp-json\/wp\/v2\/product\/158163\/revisions\/793050650"}],"wp:featuredmedia":[{"embeddable":true,"href":"https:\/\/autostil.ba\/maloprodaja\/wp-json\/wp\/v2\/media\/158164"}],"wp:attachment":[{"href":"https:\/\/autostil.ba\/maloprodaja\/wp-json\/wp\/v2\/media?parent=158163"}],"wp:term":[{"taxonomy":"product_brand","embeddable":true,"href":"https:\/\/autostil.ba\/maloprodaja\/wp-json\/wp\/v2\/product_brand?post=158163"},{"taxonomy":"product_cat","embeddable":true,"href":"https:\/\/autostil.ba\/maloprodaja\/wp-json\/wp\/v2\/product_cat?post=158163"},{"taxonomy":"product_tag","embeddable":true,"href":"https:\/\/autostil.ba\/maloprodaja\/wp-json\/wp\/v2\/product_tag?post=158163"}],"curies":[{"name":"wp","href":"https:\/\/api.w.org\/{rel}","templated":true}]}}