{"id":158153,"date":"2024-07-18T10:00:58","date_gmt":"2024-07-18T10:00:58","guid":{"rendered":"https:\/\/autostil.ba\/maloprodaja\/?post_type=product&#038;p=158153"},"modified":"2026-04-08T12:32:53","modified_gmt":"2026-04-08T10:32:53","slug":"folija-skyfol-zastitna-ppf-nano-value-1-52x15m","status":"publish","type":"product","link":"https:\/\/autostil.ba\/maloprodaja\/proizvod\/11866\/folija-skyfol-zastitna-ppf-nano-value-1-52x15m\/","title":{"rendered":"FOLIJA SKYFOL ZA\u0160TITNA PPF NANO VALUE 1.52X15M"},"content":{"rendered":"","protected":false},"excerpt":{"rendered":"<p>FOLIJA SKYFOL ZA\u0160TITNA PPF NANO VALUE 1,52X15M<br \/>\nSkyfol PPF Nano Value je vrlo fleksibilna i laka za postavljanje za\u0161titna folija za boju. Ova folija za\u0161titit \u0107e va\u0161 automobil od ogrebotina i kamen\u010di\u0107a, a va\u0161em automobilu daje savr\u0161eni sjaj i izgled.<\/p>\n","protected":false},"featured_media":158154,"comment_status":"open","ping_status":"closed","template":"","meta":{"_acf_changed":false,"inline_featured_image":false},"product_brand":[],"product_cat":[38],"product_tag":[],"class_list":{"0":"post-158153","1":"product","2":"type-product","3":"status-publish","4":"has-post-thumbnail","6":"product_cat-folije-za-vanjsko-ljepljenje-vozila","8":"first","9":"instock","10":"taxable","11":"shipping-taxable","12":"purchasable","13":"product-type-simple"},"acf":[],"custom_product_id":"11866","_links":{"self":[{"href":"https:\/\/autostil.ba\/maloprodaja\/wp-json\/wp\/v2\/product\/158153","targetHints":{"allow":["GET"]}}],"collection":[{"href":"https:\/\/autostil.ba\/maloprodaja\/wp-json\/wp\/v2\/product"}],"about":[{"href":"https:\/\/autostil.ba\/maloprodaja\/wp-json\/wp\/v2\/types\/product"}],"replies":[{"embeddable":true,"href":"https:\/\/autostil.ba\/maloprodaja\/wp-json\/wp\/v2\/comments?post=158153"}],"version-history":[{"count":1,"href":"https:\/\/autostil.ba\/maloprodaja\/wp-json\/wp\/v2\/product\/158153\/revisions"}],"predecessor-version":[{"id":158155,"href":"https:\/\/autostil.ba\/maloprodaja\/wp-json\/wp\/v2\/product\/158153\/revisions\/158155"}],"wp:featuredmedia":[{"embeddable":true,"href":"https:\/\/autostil.ba\/maloprodaja\/wp-json\/wp\/v2\/media\/158154"}],"wp:attachment":[{"href":"https:\/\/autostil.ba\/maloprodaja\/wp-json\/wp\/v2\/media?parent=158153"}],"wp:term":[{"taxonomy":"product_brand","embeddable":true,"href":"https:\/\/autostil.ba\/maloprodaja\/wp-json\/wp\/v2\/product_brand?post=158153"},{"taxonomy":"product_cat","embeddable":true,"href":"https:\/\/autostil.ba\/maloprodaja\/wp-json\/wp\/v2\/product_cat?post=158153"},{"taxonomy":"product_tag","embeddable":true,"href":"https:\/\/autostil.ba\/maloprodaja\/wp-json\/wp\/v2\/product_tag?post=158153"}],"curies":[{"name":"wp","href":"https:\/\/api.w.org\/{rel}","templated":true}]}}