{"id":157613,"date":"2024-10-25T10:09:26","date_gmt":"2024-10-25T08:09:26","guid":{"rendered":"https:\/\/autostil.ba\/maloprodaja\/?post_type=product&#038;p=157613"},"modified":"2026-04-08T12:32:23","modified_gmt":"2026-04-08T10:32:23","slug":"krovni-nosac-g3-fiat-doblo-maxi-od-2009-do-2014-i-od-2014-metalni-1-sipka-srednja-pozicija","status":"publish","type":"product","link":"https:\/\/autostil.ba\/maloprodaja\/proizvod\/11544\/krovni-nosac-g3-fiat-doblo-maxi-od-2009-do-2014-i-od-2014-metalni-1-sipka-srednja-pozicija\/","title":{"rendered":"KROVNI NOSA\u010c G3 FIAT DOBLO\/MAXI OD 2009 DO 2014 I OD 2014 METALNI (1 \u0160IPKA\/SREDNJA POZICIJA)"},"content":{"rendered":"","protected":false},"excerpt":{"rendered":"<p>Krovni nosa\u010d za komercijalna vozila; Visina \u0161ipke se pode\u0161ava. Du\u017eina: 150 cm, Materijal: \u010delik, Max. optere\u0107enje: 100kg, Sa bravicom.<\/p>\n<p>NAPOMENA:<br \/>\nNAGLA\u0160ENA CIJENA JE ZA 1 \u0160IPKU !!<\/p>\n","protected":false},"featured_media":793045126,"comment_status":"open","ping_status":"closed","template":"","meta":{"_acf_changed":false,"inline_featured_image":false},"product_brand":[],"product_cat":[134],"product_tag":[],"class_list":{"0":"post-157613","1":"product","2":"type-product","3":"status-publish","4":"has-post-thumbnail","6":"product_cat-krovni-nosaci-tipski","7":"pa_brend-fiat","9":"first","10":"instock","11":"taxable","12":"shipping-taxable","13":"purchasable","14":"product-type-simple"},"acf":[],"custom_product_id":"11544","_links":{"self":[{"href":"https:\/\/autostil.ba\/maloprodaja\/wp-json\/wp\/v2\/product\/157613","targetHints":{"allow":["GET"]}}],"collection":[{"href":"https:\/\/autostil.ba\/maloprodaja\/wp-json\/wp\/v2\/product"}],"about":[{"href":"https:\/\/autostil.ba\/maloprodaja\/wp-json\/wp\/v2\/types\/product"}],"replies":[{"embeddable":true,"href":"https:\/\/autostil.ba\/maloprodaja\/wp-json\/wp\/v2\/comments?post=157613"}],"version-history":[{"count":2,"href":"https:\/\/autostil.ba\/maloprodaja\/wp-json\/wp\/v2\/product\/157613\/revisions"}],"predecessor-version":[{"id":793045127,"href":"https:\/\/autostil.ba\/maloprodaja\/wp-json\/wp\/v2\/product\/157613\/revisions\/793045127"}],"wp:featuredmedia":[{"embeddable":true,"href":"https:\/\/autostil.ba\/maloprodaja\/wp-json\/wp\/v2\/media\/793045126"}],"wp:attachment":[{"href":"https:\/\/autostil.ba\/maloprodaja\/wp-json\/wp\/v2\/media?parent=157613"}],"wp:term":[{"taxonomy":"product_brand","embeddable":true,"href":"https:\/\/autostil.ba\/maloprodaja\/wp-json\/wp\/v2\/product_brand?post=157613"},{"taxonomy":"product_cat","embeddable":true,"href":"https:\/\/autostil.ba\/maloprodaja\/wp-json\/wp\/v2\/product_cat?post=157613"},{"taxonomy":"product_tag","embeddable":true,"href":"https:\/\/autostil.ba\/maloprodaja\/wp-json\/wp\/v2\/product_tag?post=157613"}],"curies":[{"name":"wp","href":"https:\/\/api.w.org\/{rel}","templated":true}]}}