{"id":157253,"date":"2024-07-18T10:00:06","date_gmt":"2024-07-18T08:00:06","guid":{"rendered":"https:\/\/autostil.ba\/maloprodaja\/?post_type=product&#038;p=157253"},"modified":"2026-04-08T12:31:59","modified_gmt":"2026-04-08T10:31:59","slug":"navlaka-rucke-mjenjaca-gumena-univerzalna","status":"publish","type":"product","link":"https:\/\/autostil.ba\/maloprodaja\/proizvod\/11312\/navlaka-rucke-mjenjaca-gumena-univerzalna\/","title":{"rendered":"NAVLAKA RU\u010cKE MJENJA\u010cA GUMENA UNIVERZALNA"},"content":{"rendered":"","protected":false},"excerpt":{"rendered":"<p>NAVLAKA RU\u010cKE MJENJA\u010cA GUMENA UNIVERZALNA<\/p>\n","protected":false},"featured_media":793047402,"comment_status":"open","ping_status":"closed","template":"","meta":{"_acf_changed":false,"inline_featured_image":false},"product_brand":[],"product_cat":[904],"product_tag":[],"class_list":{"0":"post-157253","1":"product","2":"type-product","3":"status-publish","4":"has-post-thumbnail","6":"product_cat-navlake-rucke-mjenjaca","7":"pa_velicina-univerzalno","9":"first","10":"instock","11":"taxable","12":"shipping-taxable","13":"purchasable","14":"product-type-simple"},"acf":[],"custom_product_id":"11312","_links":{"self":[{"href":"https:\/\/autostil.ba\/maloprodaja\/wp-json\/wp\/v2\/product\/157253","targetHints":{"allow":["GET"]}}],"collection":[{"href":"https:\/\/autostil.ba\/maloprodaja\/wp-json\/wp\/v2\/product"}],"about":[{"href":"https:\/\/autostil.ba\/maloprodaja\/wp-json\/wp\/v2\/types\/product"}],"replies":[{"embeddable":true,"href":"https:\/\/autostil.ba\/maloprodaja\/wp-json\/wp\/v2\/comments?post=157253"}],"version-history":[{"count":1,"href":"https:\/\/autostil.ba\/maloprodaja\/wp-json\/wp\/v2\/product\/157253\/revisions"}],"predecessor-version":[{"id":157255,"href":"https:\/\/autostil.ba\/maloprodaja\/wp-json\/wp\/v2\/product\/157253\/revisions\/157255"}],"wp:featuredmedia":[{"embeddable":true,"href":"https:\/\/autostil.ba\/maloprodaja\/wp-json\/wp\/v2\/media\/793047402"}],"wp:attachment":[{"href":"https:\/\/autostil.ba\/maloprodaja\/wp-json\/wp\/v2\/media?parent=157253"}],"wp:term":[{"taxonomy":"product_brand","embeddable":true,"href":"https:\/\/autostil.ba\/maloprodaja\/wp-json\/wp\/v2\/product_brand?post=157253"},{"taxonomy":"product_cat","embeddable":true,"href":"https:\/\/autostil.ba\/maloprodaja\/wp-json\/wp\/v2\/product_cat?post=157253"},{"taxonomy":"product_tag","embeddable":true,"href":"https:\/\/autostil.ba\/maloprodaja\/wp-json\/wp\/v2\/product_tag?post=157253"}],"curies":[{"name":"wp","href":"https:\/\/api.w.org\/{rel}","templated":true}]}}