{"id":156923,"date":"2024-07-18T09:59:47","date_gmt":"2024-07-18T07:59:47","guid":{"rendered":"https:\/\/autostil.ba\/maloprodaja\/?post_type=product&#038;p=156923"},"modified":"2026-04-08T12:31:41","modified_gmt":"2026-04-08T10:31:41","slug":"zastita-za-cosak-vrata","status":"publish","type":"product","link":"https:\/\/autostil.ba\/maloprodaja\/proizvod\/10923\/zastita-za-cosak-vrata\/","title":{"rendered":"ZA\u0160TITA ZA \u0106O\u0160AK VRATA (PAR)"},"content":{"rendered":"","protected":false},"excerpt":{"rendered":"<p>ZA\u0160TITA ZA \u0106O\u0160AK VRATA (PAR)<\/p>\n","protected":false},"featured_media":156924,"comment_status":"open","ping_status":"closed","template":"","meta":{"_acf_changed":false,"inline_featured_image":false},"product_brand":[],"product_cat":[76],"product_tag":[],"class_list":{"0":"post-156923","1":"product","2":"type-product","3":"status-publish","4":"has-post-thumbnail","6":"product_cat-stitnici-za-vrata","8":"first","9":"instock","10":"taxable","11":"shipping-taxable","12":"purchasable","13":"product-type-simple"},"acf":[],"custom_product_id":"10923","_links":{"self":[{"href":"https:\/\/autostil.ba\/maloprodaja\/wp-json\/wp\/v2\/product\/156923","targetHints":{"allow":["GET"]}}],"collection":[{"href":"https:\/\/autostil.ba\/maloprodaja\/wp-json\/wp\/v2\/product"}],"about":[{"href":"https:\/\/autostil.ba\/maloprodaja\/wp-json\/wp\/v2\/types\/product"}],"replies":[{"embeddable":true,"href":"https:\/\/autostil.ba\/maloprodaja\/wp-json\/wp\/v2\/comments?post=156923"}],"version-history":[{"count":2,"href":"https:\/\/autostil.ba\/maloprodaja\/wp-json\/wp\/v2\/product\/156923\/revisions"}],"predecessor-version":[{"id":793053953,"href":"https:\/\/autostil.ba\/maloprodaja\/wp-json\/wp\/v2\/product\/156923\/revisions\/793053953"}],"wp:featuredmedia":[{"embeddable":true,"href":"https:\/\/autostil.ba\/maloprodaja\/wp-json\/wp\/v2\/media\/156924"}],"wp:attachment":[{"href":"https:\/\/autostil.ba\/maloprodaja\/wp-json\/wp\/v2\/media?parent=156923"}],"wp:term":[{"taxonomy":"product_brand","embeddable":true,"href":"https:\/\/autostil.ba\/maloprodaja\/wp-json\/wp\/v2\/product_brand?post=156923"},{"taxonomy":"product_cat","embeddable":true,"href":"https:\/\/autostil.ba\/maloprodaja\/wp-json\/wp\/v2\/product_cat?post=156923"},{"taxonomy":"product_tag","embeddable":true,"href":"https:\/\/autostil.ba\/maloprodaja\/wp-json\/wp\/v2\/product_tag?post=156923"}],"curies":[{"name":"wp","href":"https:\/\/api.w.org\/{rel}","templated":true}]}}