{"id":156913,"date":"2025-12-24T15:26:46","date_gmt":"2025-12-24T13:26:46","guid":{"rendered":"https:\/\/autostil.ba\/maloprodaja\/?post_type=product&#038;p=156913"},"modified":"2026-04-08T12:31:41","modified_gmt":"2026-04-08T10:31:41","slug":"kopca-metalna-sus-pleh-vijak-m6","status":"publish","type":"product","link":"https:\/\/autostil.ba\/maloprodaja\/proizvod\/10922\/kopca-metalna-sus-pleh-vijak-m6\/","title":{"rendered":"KOP\u010cA METALNA \u0160US PLEH (vijak m6)"},"content":{"rendered":"","protected":false},"excerpt":{"rendered":"<p>KOP\u010cA METALNA \u0160US PLEH (vijak m6)<\/p>\n","protected":false},"featured_media":156914,"comment_status":"open","ping_status":"closed","template":"","meta":{"_acf_changed":false,"inline_featured_image":false},"product_brand":[],"product_cat":[24],"product_tag":[],"class_list":{"0":"post-156913","1":"product","2":"type-product","3":"status-publish","4":"has-post-thumbnail","6":"product_cat-kopce-vijci-cepovi","8":"first","9":"instock","10":"taxable","11":"shipping-taxable","12":"purchasable","13":"product-type-simple"},"acf":[],"custom_product_id":"10922","_links":{"self":[{"href":"https:\/\/autostil.ba\/maloprodaja\/wp-json\/wp\/v2\/product\/156913","targetHints":{"allow":["GET"]}}],"collection":[{"href":"https:\/\/autostil.ba\/maloprodaja\/wp-json\/wp\/v2\/product"}],"about":[{"href":"https:\/\/autostil.ba\/maloprodaja\/wp-json\/wp\/v2\/types\/product"}],"replies":[{"embeddable":true,"href":"https:\/\/autostil.ba\/maloprodaja\/wp-json\/wp\/v2\/comments?post=156913"}],"version-history":[{"count":1,"href":"https:\/\/autostil.ba\/maloprodaja\/wp-json\/wp\/v2\/product\/156913\/revisions"}],"predecessor-version":[{"id":156915,"href":"https:\/\/autostil.ba\/maloprodaja\/wp-json\/wp\/v2\/product\/156913\/revisions\/156915"}],"wp:featuredmedia":[{"embeddable":true,"href":"https:\/\/autostil.ba\/maloprodaja\/wp-json\/wp\/v2\/media\/156914"}],"wp:attachment":[{"href":"https:\/\/autostil.ba\/maloprodaja\/wp-json\/wp\/v2\/media?parent=156913"}],"wp:term":[{"taxonomy":"product_brand","embeddable":true,"href":"https:\/\/autostil.ba\/maloprodaja\/wp-json\/wp\/v2\/product_brand?post=156913"},{"taxonomy":"product_cat","embeddable":true,"href":"https:\/\/autostil.ba\/maloprodaja\/wp-json\/wp\/v2\/product_cat?post=156913"},{"taxonomy":"product_tag","embeddable":true,"href":"https:\/\/autostil.ba\/maloprodaja\/wp-json\/wp\/v2\/product_tag?post=156913"}],"curies":[{"name":"wp","href":"https:\/\/api.w.org\/{rel}","templated":true}]}}