{"id":155813,"date":"2024-10-25T08:55:41","date_gmt":"2024-10-25T06:55:41","guid":{"rendered":"https:\/\/autostil.ba\/maloprodaja\/?post_type=product&#038;p=155813"},"modified":"2026-04-15T10:00:36","modified_gmt":"2026-04-15T08:00:36","slug":"krovni-nosac-g3-mercedes-glc-coupe-5p-od-2016-aluminijumske-sipke","status":"publish","type":"product","link":"https:\/\/autostil.ba\/maloprodaja\/proizvod\/10626\/krovni-nosac-g3-mercedes-glc-coupe-5p-od-2016-aluminijumske-sipke\/","title":{"rendered":"KROVNI NOSA\u010c G3 MERCEDES GLC COUPE 5P (C253\/C254) 2016-2022-&gt; (ALUMINIJUMSKE \u0160IPKE)"},"content":{"rendered":"","protected":false},"excerpt":{"rendered":"<p>KROVNI NOSA\u010c G3 MERCEDES GLC COUPE 5P (C253\/C254) 2016-2022-&gt; (ALUMINIJUMSKE \u0160IPKE)<\/p>\n<p><strong>NAPOMENA: NAKON MONTIRANJA KROVNOG NOSA\u010cA, NE OTVARATI PANORAMSKI KROV UKOLIKO GA VOZILO POSJEDUJE I UKOLIKO IMA OPCIJU OTVARANJA, JER MO\u017dE DA UDARI U NOSA\u010c !!<\/strong><\/p>\n","protected":false},"featured_media":793045215,"comment_status":"open","ping_status":"closed","template":"","meta":{"_acf_changed":false,"inline_featured_image":false},"product_brand":[],"product_cat":[134],"product_tag":[],"class_list":{"0":"post-155813","1":"product","2":"type-product","3":"status-publish","4":"has-post-thumbnail","6":"product_cat-krovni-nosaci-tipski","7":"pa_brend-mercedes","9":"first","10":"instock","11":"taxable","12":"shipping-taxable","13":"purchasable","14":"product-type-simple"},"acf":[],"custom_product_id":"10626","_links":{"self":[{"href":"https:\/\/autostil.ba\/maloprodaja\/wp-json\/wp\/v2\/product\/155813","targetHints":{"allow":["GET"]}}],"collection":[{"href":"https:\/\/autostil.ba\/maloprodaja\/wp-json\/wp\/v2\/product"}],"about":[{"href":"https:\/\/autostil.ba\/maloprodaja\/wp-json\/wp\/v2\/types\/product"}],"replies":[{"embeddable":true,"href":"https:\/\/autostil.ba\/maloprodaja\/wp-json\/wp\/v2\/comments?post=155813"}],"version-history":[{"count":2,"href":"https:\/\/autostil.ba\/maloprodaja\/wp-json\/wp\/v2\/product\/155813\/revisions"}],"predecessor-version":[{"id":793056118,"href":"https:\/\/autostil.ba\/maloprodaja\/wp-json\/wp\/v2\/product\/155813\/revisions\/793056118"}],"wp:featuredmedia":[{"embeddable":true,"href":"https:\/\/autostil.ba\/maloprodaja\/wp-json\/wp\/v2\/media\/793045215"}],"wp:attachment":[{"href":"https:\/\/autostil.ba\/maloprodaja\/wp-json\/wp\/v2\/media?parent=155813"}],"wp:term":[{"taxonomy":"product_brand","embeddable":true,"href":"https:\/\/autostil.ba\/maloprodaja\/wp-json\/wp\/v2\/product_brand?post=155813"},{"taxonomy":"product_cat","embeddable":true,"href":"https:\/\/autostil.ba\/maloprodaja\/wp-json\/wp\/v2\/product_cat?post=155813"},{"taxonomy":"product_tag","embeddable":true,"href":"https:\/\/autostil.ba\/maloprodaja\/wp-json\/wp\/v2\/product_tag?post=155813"}],"curies":[{"name":"wp","href":"https:\/\/api.w.org\/{rel}","templated":true}]}}