{"id":154273,"date":"2024-07-18T09:57:08","date_gmt":"2024-07-18T07:57:08","guid":{"rendered":"https:\/\/autostil.ba\/maloprodaja\/?post_type=product&#038;p=154273"},"modified":"2026-04-08T12:28:56","modified_gmt":"2026-04-08T10:28:56","slug":"pretinac-mrezasti-na-cicak","status":"publish","type":"product","link":"https:\/\/autostil.ba\/maloprodaja\/proizvod\/10387\/pretinac-mrezasti-na-cicak\/","title":{"rendered":"PRETINAC MRE\u017dASTI NA \u010cI\u010cAK"},"content":{"rendered":"","protected":false},"excerpt":{"rendered":"<p>PRETINAC MRE\u017dASTI NA \u010cI\u010cAK<br \/>\nUniverzalno se uklapa na sve tepihe povr\u0161ine prtlja\u017enika, sedi\u0161ta, vrata, podova.<br \/>\nMo\u017ee se lako ukloniti i ponovo nanijeti u razli\u010ditim polo\u017eajima. Odli\u010dan za auto, kamion, kamper, brod<\/p>\n","protected":false},"featured_media":154274,"comment_status":"open","ping_status":"closed","template":"","meta":{"_acf_changed":false,"inline_featured_image":false},"product_brand":[],"product_cat":[93],"product_tag":[],"class_list":{"0":"post-154273","1":"product","2":"type-product","3":"status-publish","4":"has-post-thumbnail","6":"product_cat-dodatna-oprema-enterijera","8":"first","9":"instock","10":"taxable","11":"shipping-taxable","12":"purchasable","13":"product-type-simple"},"acf":[],"custom_product_id":"10387","_links":{"self":[{"href":"https:\/\/autostil.ba\/maloprodaja\/wp-json\/wp\/v2\/product\/154273","targetHints":{"allow":["GET"]}}],"collection":[{"href":"https:\/\/autostil.ba\/maloprodaja\/wp-json\/wp\/v2\/product"}],"about":[{"href":"https:\/\/autostil.ba\/maloprodaja\/wp-json\/wp\/v2\/types\/product"}],"replies":[{"embeddable":true,"href":"https:\/\/autostil.ba\/maloprodaja\/wp-json\/wp\/v2\/comments?post=154273"}],"version-history":[{"count":1,"href":"https:\/\/autostil.ba\/maloprodaja\/wp-json\/wp\/v2\/product\/154273\/revisions"}],"predecessor-version":[{"id":154275,"href":"https:\/\/autostil.ba\/maloprodaja\/wp-json\/wp\/v2\/product\/154273\/revisions\/154275"}],"wp:featuredmedia":[{"embeddable":true,"href":"https:\/\/autostil.ba\/maloprodaja\/wp-json\/wp\/v2\/media\/154274"}],"wp:attachment":[{"href":"https:\/\/autostil.ba\/maloprodaja\/wp-json\/wp\/v2\/media?parent=154273"}],"wp:term":[{"taxonomy":"product_brand","embeddable":true,"href":"https:\/\/autostil.ba\/maloprodaja\/wp-json\/wp\/v2\/product_brand?post=154273"},{"taxonomy":"product_cat","embeddable":true,"href":"https:\/\/autostil.ba\/maloprodaja\/wp-json\/wp\/v2\/product_cat?post=154273"},{"taxonomy":"product_tag","embeddable":true,"href":"https:\/\/autostil.ba\/maloprodaja\/wp-json\/wp\/v2\/product_tag?post=154273"}],"curies":[{"name":"wp","href":"https:\/\/api.w.org\/{rel}","templated":true}]}}