{"id":154173,"date":"2024-12-04T10:46:02","date_gmt":"2024-12-04T08:46:02","guid":{"rendered":"https:\/\/autostil.ba\/maloprodaja\/?post_type=product&#038;p=154173"},"modified":"2026-04-08T12:28:56","modified_gmt":"2026-04-08T10:28:56","slug":"sijalice-cree-led-hng-12v-df8-h1-6500k-canbus","status":"publish","type":"product","link":"https:\/\/autostil.ba\/maloprodaja\/proizvod\/10335\/sijalice-cree-led-hng-12v-df8-h1-6500k-canbus\/","title":{"rendered":"SIJALICE CREE LED HNG 12V DF8-H1 6500K CANBUS"},"content":{"rendered":"","protected":false},"excerpt":{"rendered":"<p>Realni lumen: 2500lm Stvarna snaga: 27W Temperatura boje: 6500K Ulazni napon: DC9-36v \u017divotni vijek: &gt;30000 sati Tip LED: CSP Vodootporni Indeks: IP68 Stil: Sve-u-jednom tip, Eksterni pogon, sa ventilatorom.Posjeduje poni\u0161tava\u010d gre\u0161ke (canbus).<\/p>\n","protected":false},"featured_media":154174,"comment_status":"open","ping_status":"closed","template":"","meta":{"_acf_changed":false,"inline_featured_image":false},"product_brand":[],"product_cat":[90],"product_tag":[],"class_list":{"0":"post-154173","1":"product","2":"type-product","3":"status-publish","4":"has-post-thumbnail","6":"product_cat-sijalice-led-diode","8":"first","9":"instock","10":"taxable","11":"shipping-taxable","12":"purchasable","13":"product-type-simple"},"acf":[],"custom_product_id":"10335","_links":{"self":[{"href":"https:\/\/autostil.ba\/maloprodaja\/wp-json\/wp\/v2\/product\/154173","targetHints":{"allow":["GET"]}}],"collection":[{"href":"https:\/\/autostil.ba\/maloprodaja\/wp-json\/wp\/v2\/product"}],"about":[{"href":"https:\/\/autostil.ba\/maloprodaja\/wp-json\/wp\/v2\/types\/product"}],"replies":[{"embeddable":true,"href":"https:\/\/autostil.ba\/maloprodaja\/wp-json\/wp\/v2\/comments?post=154173"}],"version-history":[{"count":1,"href":"https:\/\/autostil.ba\/maloprodaja\/wp-json\/wp\/v2\/product\/154173\/revisions"}],"predecessor-version":[{"id":154175,"href":"https:\/\/autostil.ba\/maloprodaja\/wp-json\/wp\/v2\/product\/154173\/revisions\/154175"}],"wp:featuredmedia":[{"embeddable":true,"href":"https:\/\/autostil.ba\/maloprodaja\/wp-json\/wp\/v2\/media\/154174"}],"wp:attachment":[{"href":"https:\/\/autostil.ba\/maloprodaja\/wp-json\/wp\/v2\/media?parent=154173"}],"wp:term":[{"taxonomy":"product_brand","embeddable":true,"href":"https:\/\/autostil.ba\/maloprodaja\/wp-json\/wp\/v2\/product_brand?post=154173"},{"taxonomy":"product_cat","embeddable":true,"href":"https:\/\/autostil.ba\/maloprodaja\/wp-json\/wp\/v2\/product_cat?post=154173"},{"taxonomy":"product_tag","embeddable":true,"href":"https:\/\/autostil.ba\/maloprodaja\/wp-json\/wp\/v2\/product_tag?post=154173"}],"curies":[{"name":"wp","href":"https:\/\/api.w.org\/{rel}","templated":true}]}}