{"id":154063,"date":"2024-12-16T12:24:56","date_gmt":"2024-12-16T10:24:56","guid":{"rendered":"https:\/\/autostil.ba\/maloprodaja\/?post_type=product&#038;p=154063"},"modified":"2026-04-08T12:28:49","modified_gmt":"2026-04-08T10:28:49","slug":"sprej-za-farbanje-transparentni-crveni-400ml","status":"publish","type":"product","link":"https:\/\/autostil.ba\/maloprodaja\/proizvod\/10295\/sprej-za-farbanje-transparentni-crveni-400ml\/","title":{"rendered":"SPREJ ZA FARBANJE TRANSPARENTNI CRVENI 400ml"},"content":{"rendered":"","protected":false},"excerpt":{"rendered":"<p>SPREJ ZA FARBANJE TRANSPARENTNI CRVENI 400ml Transparentni sprej koji predmetima daje obojen izgled zadr\u017eavaju\u0107i njihovu transparentnost ili osnovnu strukturu. Za plastiku, staklo, lampe, sijalice. Povr\u0161ina mora da bude \u010dista, suva i bez masno\u0107a.<\/p>\n","protected":false},"featured_media":154064,"comment_status":"open","ping_status":"closed","template":"","meta":{"_acf_changed":false,"inline_featured_image":false},"product_brand":[],"product_cat":[68],"product_tag":[],"class_list":{"0":"post-154063","1":"product","2":"type-product","3":"status-publish","4":"has-post-thumbnail","6":"product_cat-sprejevi-za-farbanje","8":"first","9":"instock","10":"taxable","11":"shipping-taxable","12":"purchasable","13":"product-type-simple"},"acf":[],"custom_product_id":"10295","_links":{"self":[{"href":"https:\/\/autostil.ba\/maloprodaja\/wp-json\/wp\/v2\/product\/154063","targetHints":{"allow":["GET"]}}],"collection":[{"href":"https:\/\/autostil.ba\/maloprodaja\/wp-json\/wp\/v2\/product"}],"about":[{"href":"https:\/\/autostil.ba\/maloprodaja\/wp-json\/wp\/v2\/types\/product"}],"replies":[{"embeddable":true,"href":"https:\/\/autostil.ba\/maloprodaja\/wp-json\/wp\/v2\/comments?post=154063"}],"version-history":[{"count":1,"href":"https:\/\/autostil.ba\/maloprodaja\/wp-json\/wp\/v2\/product\/154063\/revisions"}],"predecessor-version":[{"id":154065,"href":"https:\/\/autostil.ba\/maloprodaja\/wp-json\/wp\/v2\/product\/154063\/revisions\/154065"}],"wp:featuredmedia":[{"embeddable":true,"href":"https:\/\/autostil.ba\/maloprodaja\/wp-json\/wp\/v2\/media\/154064"}],"wp:attachment":[{"href":"https:\/\/autostil.ba\/maloprodaja\/wp-json\/wp\/v2\/media?parent=154063"}],"wp:term":[{"taxonomy":"product_brand","embeddable":true,"href":"https:\/\/autostil.ba\/maloprodaja\/wp-json\/wp\/v2\/product_brand?post=154063"},{"taxonomy":"product_cat","embeddable":true,"href":"https:\/\/autostil.ba\/maloprodaja\/wp-json\/wp\/v2\/product_cat?post=154063"},{"taxonomy":"product_tag","embeddable":true,"href":"https:\/\/autostil.ba\/maloprodaja\/wp-json\/wp\/v2\/product_tag?post=154063"}],"curies":[{"name":"wp","href":"https:\/\/api.w.org\/{rel}","templated":true}]}}