{"id":154043,"date":"2024-07-18T09:56:55","date_gmt":"2024-07-18T09:56:55","guid":{"rendered":"https:\/\/autostil.ba\/maloprodaja\/?post_type=product&#038;p=154043"},"modified":"2026-04-08T12:28:43","modified_gmt":"2026-04-08T10:28:43","slug":"krovni-nosac-nordriwe-nissan-kubistar-2003-2009","status":"publish","type":"product","link":"https:\/\/autostil.ba\/maloprodaja\/proizvod\/10287\/krovni-nosac-nordriwe-nissan-kubistar-2003-2009\/","title":{"rendered":"KROVNI NOSA\u010c NORDRIWE NISSAN KUBISTAR 2003 2009"},"content":{"rendered":"","protected":false},"excerpt":{"rendered":"<p>Kompleti za ugradnju koriste vlastite to\u010dke za ugradnju vozila.<\/p>\n<p>Svaka prikladna baza le\u017ei na \u010dvrstoj podlozi prilago\u0111enog oblika. Jednostavna za ugradnju, sve noge su opremljene sigurnosnom bravom<\/p>\n<p>Dimenzija: max 100 kg<br \/>\nOdobrenje: GS-T\u00dcV<\/p>\n<p>PUN KAPACITET<br \/>\n\u2022 Nikada nemojte prekora\u010diti maksimalno optere\u0107enje navedeno u uputama za monta\u017eu. Me\u0111utim, ovo ograni\u010denje podlije\u017ee maksimalnom optere\u0107enju prikazanom u priru\u010dniku za korisnika i odr\u017eavanje vozila. Uvijek slijedite upute za najmanje maksimalno optere\u0107enje.<br \/>\n\u2022 Maksimalno optere\u0107enje je: te\u017eina \u0161ipke + te\u017eina bilo kojeg primjenjivog pribora + te\u017eina tereta<\/p>\n","protected":false},"featured_media":154044,"comment_status":"open","ping_status":"closed","template":"","meta":{"_acf_changed":false,"inline_featured_image":false},"product_brand":[],"product_cat":[134],"product_tag":[],"class_list":{"0":"post-154043","1":"product","2":"type-product","3":"status-publish","4":"has-post-thumbnail","6":"product_cat-krovni-nosaci-tipski","7":"pa_brend-nissan","9":"first","10":"instock","11":"taxable","12":"shipping-taxable","13":"purchasable","14":"product-type-simple"},"acf":[],"custom_product_id":"10287","_links":{"self":[{"href":"https:\/\/autostil.ba\/maloprodaja\/wp-json\/wp\/v2\/product\/154043","targetHints":{"allow":["GET"]}}],"collection":[{"href":"https:\/\/autostil.ba\/maloprodaja\/wp-json\/wp\/v2\/product"}],"about":[{"href":"https:\/\/autostil.ba\/maloprodaja\/wp-json\/wp\/v2\/types\/product"}],"replies":[{"embeddable":true,"href":"https:\/\/autostil.ba\/maloprodaja\/wp-json\/wp\/v2\/comments?post=154043"}],"version-history":[{"count":1,"href":"https:\/\/autostil.ba\/maloprodaja\/wp-json\/wp\/v2\/product\/154043\/revisions"}],"predecessor-version":[{"id":154045,"href":"https:\/\/autostil.ba\/maloprodaja\/wp-json\/wp\/v2\/product\/154043\/revisions\/154045"}],"wp:featuredmedia":[{"embeddable":true,"href":"https:\/\/autostil.ba\/maloprodaja\/wp-json\/wp\/v2\/media\/154044"}],"wp:attachment":[{"href":"https:\/\/autostil.ba\/maloprodaja\/wp-json\/wp\/v2\/media?parent=154043"}],"wp:term":[{"taxonomy":"product_brand","embeddable":true,"href":"https:\/\/autostil.ba\/maloprodaja\/wp-json\/wp\/v2\/product_brand?post=154043"},{"taxonomy":"product_cat","embeddable":true,"href":"https:\/\/autostil.ba\/maloprodaja\/wp-json\/wp\/v2\/product_cat?post=154043"},{"taxonomy":"product_tag","embeddable":true,"href":"https:\/\/autostil.ba\/maloprodaja\/wp-json\/wp\/v2\/product_tag?post=154043"}],"curies":[{"name":"wp","href":"https:\/\/api.w.org\/{rel}","templated":true}]}}