{"id":153563,"date":"2024-10-25T09:10:28","date_gmt":"2024-10-25T07:10:28","guid":{"rendered":"https:\/\/autostil.ba\/maloprodaja\/?post_type=product&#038;p=153563"},"modified":"2026-04-17T06:01:56","modified_gmt":"2026-04-17T04:01:56","slug":"krovni-nosac-g3-mercedes-e-klasa-4p-od-2009-do-2015-i-od-2015-aerotwin","status":"publish","type":"product","link":"https:\/\/autostil.ba\/maloprodaja\/proizvod\/10068\/krovni-nosac-g3-mercedes-e-klasa-4p-od-2009-do-2015-i-od-2015-aerotwin\/","title":{"rendered":"KROVNI NOSA\u010c G3 MERCEDES E KLASA 4P OD 2009 DO 2015 I OD 2015 AEROTWIN"},"content":{"rendered":"","protected":false},"excerpt":{"rendered":"<p>KROVNI NOSA\u010c G3 MERCEDES E KLASA 4P OD 2009 DO 2015 I OD 2015 AERODINAMI\u010cKE ALUMINIJUMSKE \u0160IPKE: Aerodinami\u010dki sistem krovnog nosa\u010da osigurava izuzetno tihu vo\u017enju, lagano postavljanje dodatne opreme i maksimalan tovarni prostor. Du\u017eina 1270 mm; Maksimalno optere\u0107enje 50 kg; Materijal aluminijum<\/p>\n","protected":false},"featured_media":793045227,"comment_status":"open","ping_status":"closed","template":"","meta":{"_acf_changed":false,"inline_featured_image":false},"product_brand":[],"product_cat":[134],"product_tag":[],"class_list":{"0":"post-153563","1":"product","2":"type-product","3":"status-publish","4":"has-post-thumbnail","6":"product_cat-krovni-nosaci-tipski","7":"pa_brend-mercedes","9":"first","10":"instock","11":"taxable","12":"shipping-taxable","13":"purchasable","14":"product-type-simple"},"acf":[],"custom_product_id":"10068","_links":{"self":[{"href":"https:\/\/autostil.ba\/maloprodaja\/wp-json\/wp\/v2\/product\/153563","targetHints":{"allow":["GET"]}}],"collection":[{"href":"https:\/\/autostil.ba\/maloprodaja\/wp-json\/wp\/v2\/product"}],"about":[{"href":"https:\/\/autostil.ba\/maloprodaja\/wp-json\/wp\/v2\/types\/product"}],"replies":[{"embeddable":true,"href":"https:\/\/autostil.ba\/maloprodaja\/wp-json\/wp\/v2\/comments?post=153563"}],"version-history":[{"count":1,"href":"https:\/\/autostil.ba\/maloprodaja\/wp-json\/wp\/v2\/product\/153563\/revisions"}],"predecessor-version":[{"id":153565,"href":"https:\/\/autostil.ba\/maloprodaja\/wp-json\/wp\/v2\/product\/153563\/revisions\/153565"}],"wp:featuredmedia":[{"embeddable":true,"href":"https:\/\/autostil.ba\/maloprodaja\/wp-json\/wp\/v2\/media\/793045227"}],"wp:attachment":[{"href":"https:\/\/autostil.ba\/maloprodaja\/wp-json\/wp\/v2\/media?parent=153563"}],"wp:term":[{"taxonomy":"product_brand","embeddable":true,"href":"https:\/\/autostil.ba\/maloprodaja\/wp-json\/wp\/v2\/product_brand?post=153563"},{"taxonomy":"product_cat","embeddable":true,"href":"https:\/\/autostil.ba\/maloprodaja\/wp-json\/wp\/v2\/product_cat?post=153563"},{"taxonomy":"product_tag","embeddable":true,"href":"https:\/\/autostil.ba\/maloprodaja\/wp-json\/wp\/v2\/product_tag?post=153563"}],"curies":[{"name":"wp","href":"https:\/\/api.w.org\/{rel}","templated":true}]}}