{"id":153553,"date":"2024-10-25T09:09:28","date_gmt":"2024-10-25T07:09:28","guid":{"rendered":"https:\/\/autostil.ba\/maloprodaja\/?post_type=product&#038;p=153553"},"modified":"2026-04-17T12:00:56","modified_gmt":"2026-04-17T10:00:56","slug":"krovni-nosac-g3-mercedes-cls-4p-od-2010-do-2016-i-od-2016-aerotwin","status":"publish","type":"product","link":"https:\/\/autostil.ba\/maloprodaja\/proizvod\/10067\/krovni-nosac-g3-mercedes-cls-4p-od-2010-do-2016-i-od-2016-aerotwin\/","title":{"rendered":"KROVNI NOSA\u010c G3 MERCEDES CLS 4P OD 2010 DO 2016 I OD 2016 AEROTWIN"},"content":{"rendered":"","protected":false},"excerpt":{"rendered":"<p>KROVNI NOSA\u010c G3 MERCEDES CLS 4P OD 2010 DO 2016 I OD 2016 AERODINAMI\u010cKE ALUMINIJUMSKE \u0160IPKE: Aerodinami\u010dki sistem krovnog nosa\u010da osigurava izuzetno tihu vo\u017enju, lagano postavljanje dodatne opreme i maksimalan tovarni prostor. Du\u017eina 1270 mm; Maksimalno optere\u0107enje 50 kg; Materijal aluminijum<\/p>\n","protected":false},"featured_media":793045226,"comment_status":"open","ping_status":"closed","template":"","meta":{"_acf_changed":false,"inline_featured_image":false},"product_brand":[],"product_cat":[134],"product_tag":[],"class_list":{"0":"post-153553","1":"product","2":"type-product","3":"status-publish","4":"has-post-thumbnail","6":"product_cat-krovni-nosaci-tipski","7":"pa_brend-mercedes","9":"first","10":"instock","11":"taxable","12":"shipping-taxable","13":"purchasable","14":"product-type-simple"},"acf":[],"custom_product_id":"10067","_links":{"self":[{"href":"https:\/\/autostil.ba\/maloprodaja\/wp-json\/wp\/v2\/product\/153553","targetHints":{"allow":["GET"]}}],"collection":[{"href":"https:\/\/autostil.ba\/maloprodaja\/wp-json\/wp\/v2\/product"}],"about":[{"href":"https:\/\/autostil.ba\/maloprodaja\/wp-json\/wp\/v2\/types\/product"}],"replies":[{"embeddable":true,"href":"https:\/\/autostil.ba\/maloprodaja\/wp-json\/wp\/v2\/comments?post=153553"}],"version-history":[{"count":1,"href":"https:\/\/autostil.ba\/maloprodaja\/wp-json\/wp\/v2\/product\/153553\/revisions"}],"predecessor-version":[{"id":153555,"href":"https:\/\/autostil.ba\/maloprodaja\/wp-json\/wp\/v2\/product\/153553\/revisions\/153555"}],"wp:featuredmedia":[{"embeddable":true,"href":"https:\/\/autostil.ba\/maloprodaja\/wp-json\/wp\/v2\/media\/793045226"}],"wp:attachment":[{"href":"https:\/\/autostil.ba\/maloprodaja\/wp-json\/wp\/v2\/media?parent=153553"}],"wp:term":[{"taxonomy":"product_brand","embeddable":true,"href":"https:\/\/autostil.ba\/maloprodaja\/wp-json\/wp\/v2\/product_brand?post=153553"},{"taxonomy":"product_cat","embeddable":true,"href":"https:\/\/autostil.ba\/maloprodaja\/wp-json\/wp\/v2\/product_cat?post=153553"},{"taxonomy":"product_tag","embeddable":true,"href":"https:\/\/autostil.ba\/maloprodaja\/wp-json\/wp\/v2\/product_tag?post=153553"}],"curies":[{"name":"wp","href":"https:\/\/api.w.org\/{rel}","templated":true}]}}