{"id":149953,"date":"2024-07-18T09:53:06","date_gmt":"2024-07-18T07:53:06","guid":{"rendered":"https:\/\/autostil.ba\/maloprodaja\/?post_type=product&#038;p=149953"},"modified":"2026-04-08T12:24:45","modified_gmt":"2026-04-08T10:24:45","slug":"krovni-nosac-g3-fiat-tempra-weekend-rails-5p-do-1996","status":"publish","type":"product","link":"https:\/\/autostil.ba\/maloprodaja\/proizvod\/9341\/krovni-nosac-g3-fiat-tempra-weekend-rails-5p-do-1996\/","title":{"rendered":"KROVNI NOSA\u010c G3 FIAT TEMPRA WEEKEND RAILS 5P DO 1996"},"content":{"rendered":"","protected":false},"excerpt":{"rendered":"<p>KROVNI NOSA\u010c G3 FIAT TEMPRA WEEKEND RAILS 5P DO 1996;  Za vozila su uzdu\u017enim \u0161ipkama obi\u010dnim i integrisanim. Dimenzije: du\u017eina 1220 mm, neto te\u017eina 3,9 kg, bruto te\u017eina 4,4 kg. Maksimalno optere\u0107enje 75 kg. Ma terijal \u010delik.<\/p>\n","protected":false},"featured_media":149954,"comment_status":"open","ping_status":"closed","template":"","meta":{"_acf_changed":false,"inline_featured_image":false},"product_brand":[],"product_cat":[134],"product_tag":[],"class_list":{"0":"post-149953","1":"product","2":"type-product","3":"status-publish","4":"has-post-thumbnail","6":"product_cat-krovni-nosaci-tipski","7":"pa_brend-fiat","9":"first","10":"instock","11":"taxable","12":"shipping-taxable","13":"purchasable","14":"product-type-simple"},"acf":[],"custom_product_id":"9341","_links":{"self":[{"href":"https:\/\/autostil.ba\/maloprodaja\/wp-json\/wp\/v2\/product\/149953","targetHints":{"allow":["GET"]}}],"collection":[{"href":"https:\/\/autostil.ba\/maloprodaja\/wp-json\/wp\/v2\/product"}],"about":[{"href":"https:\/\/autostil.ba\/maloprodaja\/wp-json\/wp\/v2\/types\/product"}],"replies":[{"embeddable":true,"href":"https:\/\/autostil.ba\/maloprodaja\/wp-json\/wp\/v2\/comments?post=149953"}],"version-history":[{"count":1,"href":"https:\/\/autostil.ba\/maloprodaja\/wp-json\/wp\/v2\/product\/149953\/revisions"}],"predecessor-version":[{"id":149955,"href":"https:\/\/autostil.ba\/maloprodaja\/wp-json\/wp\/v2\/product\/149953\/revisions\/149955"}],"wp:featuredmedia":[{"embeddable":true,"href":"https:\/\/autostil.ba\/maloprodaja\/wp-json\/wp\/v2\/media\/149954"}],"wp:attachment":[{"href":"https:\/\/autostil.ba\/maloprodaja\/wp-json\/wp\/v2\/media?parent=149953"}],"wp:term":[{"taxonomy":"product_brand","embeddable":true,"href":"https:\/\/autostil.ba\/maloprodaja\/wp-json\/wp\/v2\/product_brand?post=149953"},{"taxonomy":"product_cat","embeddable":true,"href":"https:\/\/autostil.ba\/maloprodaja\/wp-json\/wp\/v2\/product_cat?post=149953"},{"taxonomy":"product_tag","embeddable":true,"href":"https:\/\/autostil.ba\/maloprodaja\/wp-json\/wp\/v2\/product_tag?post=149953"}],"curies":[{"name":"wp","href":"https:\/\/api.w.org\/{rel}","templated":true}]}}