{"id":149743,"date":"2024-07-18T09:52:54","date_gmt":"2024-07-18T07:52:54","guid":{"rendered":"https:\/\/autostil.ba\/maloprodaja\/?post_type=product&#038;p=149743"},"modified":"2026-04-08T12:24:33","modified_gmt":"2026-04-08T10:24:33","slug":"krovni-nosac-g3-citroen-c-crosser-rails-5p-od-2007-2","status":"publish","type":"product","link":"https:\/\/autostil.ba\/maloprodaja\/proizvod\/9317\/krovni-nosac-g3-citroen-c-crosser-rails-5p-od-2007-2\/","title":{"rendered":"KROVNI NOSA\u010c G3 CITROEN C CROSSER RAILS 5P OD 2007"},"content":{"rendered":"","protected":false},"excerpt":{"rendered":"<p>KROVNI NOSA\u010c G3 CITROEN C CROSSER RAILS 5P OD 2007;  Za vozila su uzdu\u017enim \u0161ipkama obi\u010dnim i integrisanim. Dimenzije: du\u017eina 1220 mm, neto te\u017eina 3,9 kg, bruto te\u017eina 4,4 kg. Maksimalno optere\u0107enje 75 kg. Materijal \u010delik.<\/p>\n","protected":false},"featured_media":149744,"comment_status":"open","ping_status":"closed","template":"","meta":{"_acf_changed":false,"inline_featured_image":false},"product_brand":[],"product_cat":[134],"product_tag":[],"class_list":{"0":"post-149743","1":"product","2":"type-product","3":"status-publish","4":"has-post-thumbnail","6":"product_cat-krovni-nosaci-tipski","7":"pa_brend-citroen","9":"first","10":"instock","11":"taxable","12":"shipping-taxable","13":"purchasable","14":"product-type-simple"},"acf":[],"custom_product_id":"9317","_links":{"self":[{"href":"https:\/\/autostil.ba\/maloprodaja\/wp-json\/wp\/v2\/product\/149743","targetHints":{"allow":["GET"]}}],"collection":[{"href":"https:\/\/autostil.ba\/maloprodaja\/wp-json\/wp\/v2\/product"}],"about":[{"href":"https:\/\/autostil.ba\/maloprodaja\/wp-json\/wp\/v2\/types\/product"}],"replies":[{"embeddable":true,"href":"https:\/\/autostil.ba\/maloprodaja\/wp-json\/wp\/v2\/comments?post=149743"}],"version-history":[{"count":1,"href":"https:\/\/autostil.ba\/maloprodaja\/wp-json\/wp\/v2\/product\/149743\/revisions"}],"predecessor-version":[{"id":149745,"href":"https:\/\/autostil.ba\/maloprodaja\/wp-json\/wp\/v2\/product\/149743\/revisions\/149745"}],"wp:featuredmedia":[{"embeddable":true,"href":"https:\/\/autostil.ba\/maloprodaja\/wp-json\/wp\/v2\/media\/149744"}],"wp:attachment":[{"href":"https:\/\/autostil.ba\/maloprodaja\/wp-json\/wp\/v2\/media?parent=149743"}],"wp:term":[{"taxonomy":"product_brand","embeddable":true,"href":"https:\/\/autostil.ba\/maloprodaja\/wp-json\/wp\/v2\/product_brand?post=149743"},{"taxonomy":"product_cat","embeddable":true,"href":"https:\/\/autostil.ba\/maloprodaja\/wp-json\/wp\/v2\/product_cat?post=149743"},{"taxonomy":"product_tag","embeddable":true,"href":"https:\/\/autostil.ba\/maloprodaja\/wp-json\/wp\/v2\/product_tag?post=149743"}],"curies":[{"name":"wp","href":"https:\/\/api.w.org\/{rel}","templated":true}]}}