{"id":149613,"date":"2024-07-18T09:52:47","date_gmt":"2024-07-18T07:52:47","guid":{"rendered":"https:\/\/autostil.ba\/maloprodaja\/?post_type=product&#038;p=149613"},"modified":"2026-04-08T12:24:22","modified_gmt":"2026-04-08T10:24:22","slug":"krovni-nosac-g3-bmw-x5-rails-5p-od-1999-do-2007","status":"publish","type":"product","link":"https:\/\/autostil.ba\/maloprodaja\/proizvod\/9304\/krovni-nosac-g3-bmw-x5-rails-5p-od-1999-do-2007\/","title":{"rendered":"KROVNI NOSA\u010c G3 BMW X5 RAILS 5P OD 1999 DO 2007"},"content":{"rendered":"","protected":false},"excerpt":{"rendered":"<p>KROVNI NOSA\u010c G3 BMW X5 RAILS 5P OD 1999 DO 2007;  Za vozila su uzdu\u017enim \u0161ipkama obi\u010dnim i integrisanim. Dimenzije: du\u017eina 1220 mm, neto te\u017eina 3,9 kg, bruto te\u017eina 4,4 kg. Maksimalno optere\u0107enje 75 kg. Materijal \u010delik.<\/p>\n","protected":false},"featured_media":149614,"comment_status":"open","ping_status":"closed","template":"","meta":{"_acf_changed":false,"inline_featured_image":false},"product_brand":[],"product_cat":[134],"product_tag":[],"class_list":{"0":"post-149613","1":"product","2":"type-product","3":"status-publish","4":"has-post-thumbnail","6":"product_cat-krovni-nosaci-tipski","7":"pa_brend-bmw","9":"first","10":"instock","11":"taxable","12":"shipping-taxable","13":"purchasable","14":"product-type-simple"},"acf":[],"custom_product_id":"9304","_links":{"self":[{"href":"https:\/\/autostil.ba\/maloprodaja\/wp-json\/wp\/v2\/product\/149613","targetHints":{"allow":["GET"]}}],"collection":[{"href":"https:\/\/autostil.ba\/maloprodaja\/wp-json\/wp\/v2\/product"}],"about":[{"href":"https:\/\/autostil.ba\/maloprodaja\/wp-json\/wp\/v2\/types\/product"}],"replies":[{"embeddable":true,"href":"https:\/\/autostil.ba\/maloprodaja\/wp-json\/wp\/v2\/comments?post=149613"}],"version-history":[{"count":1,"href":"https:\/\/autostil.ba\/maloprodaja\/wp-json\/wp\/v2\/product\/149613\/revisions"}],"predecessor-version":[{"id":149615,"href":"https:\/\/autostil.ba\/maloprodaja\/wp-json\/wp\/v2\/product\/149613\/revisions\/149615"}],"wp:featuredmedia":[{"embeddable":true,"href":"https:\/\/autostil.ba\/maloprodaja\/wp-json\/wp\/v2\/media\/149614"}],"wp:attachment":[{"href":"https:\/\/autostil.ba\/maloprodaja\/wp-json\/wp\/v2\/media?parent=149613"}],"wp:term":[{"taxonomy":"product_brand","embeddable":true,"href":"https:\/\/autostil.ba\/maloprodaja\/wp-json\/wp\/v2\/product_brand?post=149613"},{"taxonomy":"product_cat","embeddable":true,"href":"https:\/\/autostil.ba\/maloprodaja\/wp-json\/wp\/v2\/product_cat?post=149613"},{"taxonomy":"product_tag","embeddable":true,"href":"https:\/\/autostil.ba\/maloprodaja\/wp-json\/wp\/v2\/product_tag?post=149613"}],"curies":[{"name":"wp","href":"https:\/\/api.w.org\/{rel}","templated":true}]}}