{"id":147863,"date":"2026-04-13T17:35:15","date_gmt":"2026-04-13T15:35:15","guid":{"rendered":"https:\/\/autostil.ba\/maloprodaja\/?post_type=product&#038;p=147863"},"modified":"2026-04-22T15:59:47","modified_gmt":"2026-04-22T13:59:47","slug":"krovni-nosac-g3-peugeot-3008-5p-od-2016-aluminijumske-sipke","status":"publish","type":"product","link":"https:\/\/autostil.ba\/maloprodaja\/proizvod\/8902\/krovni-nosac-g3-peugeot-3008-5p-od-2016-aluminijumske-sipke\/","title":{"rendered":"KROVNI NOSA\u010c G3 PEUGEOT 3008 5P 2016-2024 ALUMINIJUMSKE \u0160IPKE"},"content":{"rendered":"","protected":false},"excerpt":{"rendered":"<p>KROVNI NOSA\u010c G3 PEUGEOT 3008 5P 2016-2024 ALUMINIJUMSKE \u0160IPKE<\/p>\n","protected":false},"featured_media":147864,"comment_status":"open","ping_status":"closed","template":"","meta":{"_acf_changed":false,"inline_featured_image":false},"product_brand":[],"product_cat":[134],"product_tag":[],"class_list":{"0":"post-147863","1":"product","2":"type-product","3":"status-publish","4":"has-post-thumbnail","6":"product_cat-krovni-nosaci-tipski","7":"pa_brend-peugeot","9":"first","10":"instock","11":"taxable","12":"shipping-taxable","13":"purchasable","14":"product-type-simple"},"acf":[],"custom_product_id":"8902","_links":{"self":[{"href":"https:\/\/autostil.ba\/maloprodaja\/wp-json\/wp\/v2\/product\/147863","targetHints":{"allow":["GET"]}}],"collection":[{"href":"https:\/\/autostil.ba\/maloprodaja\/wp-json\/wp\/v2\/product"}],"about":[{"href":"https:\/\/autostil.ba\/maloprodaja\/wp-json\/wp\/v2\/types\/product"}],"replies":[{"embeddable":true,"href":"https:\/\/autostil.ba\/maloprodaja\/wp-json\/wp\/v2\/comments?post=147863"}],"version-history":[{"count":2,"href":"https:\/\/autostil.ba\/maloprodaja\/wp-json\/wp\/v2\/product\/147863\/revisions"}],"predecessor-version":[{"id":793052177,"href":"https:\/\/autostil.ba\/maloprodaja\/wp-json\/wp\/v2\/product\/147863\/revisions\/793052177"}],"wp:featuredmedia":[{"embeddable":true,"href":"https:\/\/autostil.ba\/maloprodaja\/wp-json\/wp\/v2\/media\/147864"}],"wp:attachment":[{"href":"https:\/\/autostil.ba\/maloprodaja\/wp-json\/wp\/v2\/media?parent=147863"}],"wp:term":[{"taxonomy":"product_brand","embeddable":true,"href":"https:\/\/autostil.ba\/maloprodaja\/wp-json\/wp\/v2\/product_brand?post=147863"},{"taxonomy":"product_cat","embeddable":true,"href":"https:\/\/autostil.ba\/maloprodaja\/wp-json\/wp\/v2\/product_cat?post=147863"},{"taxonomy":"product_tag","embeddable":true,"href":"https:\/\/autostil.ba\/maloprodaja\/wp-json\/wp\/v2\/product_tag?post=147863"}],"curies":[{"name":"wp","href":"https:\/\/api.w.org\/{rel}","templated":true}]}}