{"id":145933,"date":"2024-07-18T13:49:22","date_gmt":"2024-07-18T11:49:22","guid":{"rendered":"https:\/\/autostil.ba\/maloprodaja\/?post_type=product&#038;p=145933"},"modified":"2026-04-08T12:22:14","modified_gmt":"2026-04-08T10:22:14","slug":"krovni-nosac-g3-suzuki-vitara-rails-5p-od-2015","status":"publish","type":"product","link":"https:\/\/autostil.ba\/maloprodaja\/proizvod\/8256\/krovni-nosac-g3-suzuki-vitara-rails-5p-od-2015\/","title":{"rendered":"KROVNI NOSA\u010c G3 Suzuki Vitara (Rails) 5p OD 2015"},"content":{"rendered":"","protected":false},"excerpt":{"rendered":"<p>KROVNI NOSA\u010c G3 Suzuki Vitara (Rails) 5p OD 2015 Za vozila su uzdu\u017enim \u0161ipkama obi\u010dnim i integrisanim. Dimenzije: du\u017eina 1270 mm, neto te\u017eina 4,8 kg, bruto te\u017eina 5,2 kg. Maksimalno optere\u0107enje 75 kg. Materijal \u010delik.<\/p>\n","protected":false},"featured_media":145934,"comment_status":"open","ping_status":"closed","template":"","meta":{"_acf_changed":false,"inline_featured_image":false},"product_brand":[],"product_cat":[134],"product_tag":[],"class_list":{"0":"post-145933","1":"product","2":"type-product","3":"status-publish","4":"has-post-thumbnail","6":"product_cat-krovni-nosaci-tipski","7":"pa_brend-suzuki","9":"first","10":"instock","11":"taxable","12":"shipping-taxable","13":"purchasable","14":"product-type-simple"},"acf":[],"custom_product_id":"8256","_links":{"self":[{"href":"https:\/\/autostil.ba\/maloprodaja\/wp-json\/wp\/v2\/product\/145933","targetHints":{"allow":["GET"]}}],"collection":[{"href":"https:\/\/autostil.ba\/maloprodaja\/wp-json\/wp\/v2\/product"}],"about":[{"href":"https:\/\/autostil.ba\/maloprodaja\/wp-json\/wp\/v2\/types\/product"}],"replies":[{"embeddable":true,"href":"https:\/\/autostil.ba\/maloprodaja\/wp-json\/wp\/v2\/comments?post=145933"}],"version-history":[{"count":1,"href":"https:\/\/autostil.ba\/maloprodaja\/wp-json\/wp\/v2\/product\/145933\/revisions"}],"predecessor-version":[{"id":145935,"href":"https:\/\/autostil.ba\/maloprodaja\/wp-json\/wp\/v2\/product\/145933\/revisions\/145935"}],"wp:featuredmedia":[{"embeddable":true,"href":"https:\/\/autostil.ba\/maloprodaja\/wp-json\/wp\/v2\/media\/145934"}],"wp:attachment":[{"href":"https:\/\/autostil.ba\/maloprodaja\/wp-json\/wp\/v2\/media?parent=145933"}],"wp:term":[{"taxonomy":"product_brand","embeddable":true,"href":"https:\/\/autostil.ba\/maloprodaja\/wp-json\/wp\/v2\/product_brand?post=145933"},{"taxonomy":"product_cat","embeddable":true,"href":"https:\/\/autostil.ba\/maloprodaja\/wp-json\/wp\/v2\/product_cat?post=145933"},{"taxonomy":"product_tag","embeddable":true,"href":"https:\/\/autostil.ba\/maloprodaja\/wp-json\/wp\/v2\/product_tag?post=145933"}],"curies":[{"name":"wp","href":"https:\/\/api.w.org\/{rel}","templated":true}]}}