{"id":145723,"date":"2024-07-18T09:49:10","date_gmt":"2024-07-18T09:49:10","guid":{"rendered":"https:\/\/autostil.ba\/maloprodaja\/?post_type=product&#038;p=145723"},"modified":"2026-04-08T12:22:02","modified_gmt":"2026-04-08T10:22:02","slug":"krovni-nosac-g3-peugeot-bipper-rails-5p-od-2008","status":"publish","type":"product","link":"https:\/\/autostil.ba\/maloprodaja\/proizvod\/8227\/krovni-nosac-g3-peugeot-bipper-rails-5p-od-2008\/","title":{"rendered":"KROVNI NOSA\u010c G3 Peugeot Bipper (Rails) 5p OD 2008"},"content":{"rendered":"","protected":false},"excerpt":{"rendered":"<p>KROVNI NOSA\u010c G3 Peugeot Bipper (Rails) 5p OD 2008 Za vozila su uzdu\u017enim \u0161ipkama obi\u010dnim i integrisanim. Dimenzije: du\u017eina 1270 mm, neto te\u017eina 4,8 kg, bruto te\u017eina 5,2 kg. Maksimalno optere\u0107enje 75 kg. Materijal \u010delik.<\/p>\n","protected":false},"featured_media":145724,"comment_status":"open","ping_status":"closed","template":"","meta":{"_acf_changed":false,"inline_featured_image":false},"product_brand":[],"product_cat":[134],"product_tag":[],"class_list":{"0":"post-145723","1":"product","2":"type-product","3":"status-publish","4":"has-post-thumbnail","6":"product_cat-krovni-nosaci-tipski","7":"pa_brend-peugeot","9":"first","10":"instock","11":"taxable","12":"shipping-taxable","13":"purchasable","14":"product-type-simple"},"acf":[],"custom_product_id":"8227","_links":{"self":[{"href":"https:\/\/autostil.ba\/maloprodaja\/wp-json\/wp\/v2\/product\/145723","targetHints":{"allow":["GET"]}}],"collection":[{"href":"https:\/\/autostil.ba\/maloprodaja\/wp-json\/wp\/v2\/product"}],"about":[{"href":"https:\/\/autostil.ba\/maloprodaja\/wp-json\/wp\/v2\/types\/product"}],"replies":[{"embeddable":true,"href":"https:\/\/autostil.ba\/maloprodaja\/wp-json\/wp\/v2\/comments?post=145723"}],"version-history":[{"count":1,"href":"https:\/\/autostil.ba\/maloprodaja\/wp-json\/wp\/v2\/product\/145723\/revisions"}],"predecessor-version":[{"id":145725,"href":"https:\/\/autostil.ba\/maloprodaja\/wp-json\/wp\/v2\/product\/145723\/revisions\/145725"}],"wp:featuredmedia":[{"embeddable":true,"href":"https:\/\/autostil.ba\/maloprodaja\/wp-json\/wp\/v2\/media\/145724"}],"wp:attachment":[{"href":"https:\/\/autostil.ba\/maloprodaja\/wp-json\/wp\/v2\/media?parent=145723"}],"wp:term":[{"taxonomy":"product_brand","embeddable":true,"href":"https:\/\/autostil.ba\/maloprodaja\/wp-json\/wp\/v2\/product_brand?post=145723"},{"taxonomy":"product_cat","embeddable":true,"href":"https:\/\/autostil.ba\/maloprodaja\/wp-json\/wp\/v2\/product_cat?post=145723"},{"taxonomy":"product_tag","embeddable":true,"href":"https:\/\/autostil.ba\/maloprodaja\/wp-json\/wp\/v2\/product_tag?post=145723"}],"curies":[{"name":"wp","href":"https:\/\/api.w.org\/{rel}","templated":true}]}}