{"id":143943,"date":"2024-07-18T09:47:29","date_gmt":"2024-07-18T07:47:29","guid":{"rendered":"https:\/\/autostil.ba\/maloprodaja\/?post_type=product&#038;p=143943"},"modified":"2026-04-08T12:20:32","modified_gmt":"2026-04-08T10:20:32","slug":"rucka-mjenjaca-asy-mercedes-univerzalna-aluminijumska","status":"publish","type":"product","link":"https:\/\/autostil.ba\/maloprodaja\/proizvod\/7858\/rucka-mjenjaca-asy-mercedes-univerzalna-aluminijumska\/","title":{"rendered":"RU\u010cKA MJENJA\u010cA ASY MERCEDES UNIVERZALNA ALUMINIJUMSKA"},"content":{"rendered":"","protected":false},"excerpt":{"rendered":"<p>RU\u010cKA MJENJA\u010cA ASY MERCEDES UNIVERZALNA ALUMINIJUMSKA<\/p>\n","protected":false},"featured_media":143944,"comment_status":"open","ping_status":"closed","template":"","meta":{"_acf_changed":false,"inline_featured_image":false},"product_brand":[],"product_cat":[899],"product_tag":[],"class_list":{"0":"post-143943","1":"product","2":"type-product","3":"status-publish","4":"has-post-thumbnail","6":"product_cat-rucice-mjenjaca","7":"pa_brend-mercedes","9":"first","10":"instock","11":"sale","12":"taxable","13":"shipping-taxable","14":"purchasable","15":"product-type-simple"},"acf":[],"custom_product_id":"7858","_links":{"self":[{"href":"https:\/\/autostil.ba\/maloprodaja\/wp-json\/wp\/v2\/product\/143943","targetHints":{"allow":["GET"]}}],"collection":[{"href":"https:\/\/autostil.ba\/maloprodaja\/wp-json\/wp\/v2\/product"}],"about":[{"href":"https:\/\/autostil.ba\/maloprodaja\/wp-json\/wp\/v2\/types\/product"}],"replies":[{"embeddable":true,"href":"https:\/\/autostil.ba\/maloprodaja\/wp-json\/wp\/v2\/comments?post=143943"}],"version-history":[{"count":2,"href":"https:\/\/autostil.ba\/maloprodaja\/wp-json\/wp\/v2\/product\/143943\/revisions"}],"predecessor-version":[{"id":159952,"href":"https:\/\/autostil.ba\/maloprodaja\/wp-json\/wp\/v2\/product\/143943\/revisions\/159952"}],"wp:featuredmedia":[{"embeddable":true,"href":"https:\/\/autostil.ba\/maloprodaja\/wp-json\/wp\/v2\/media\/143944"}],"wp:attachment":[{"href":"https:\/\/autostil.ba\/maloprodaja\/wp-json\/wp\/v2\/media?parent=143943"}],"wp:term":[{"taxonomy":"product_brand","embeddable":true,"href":"https:\/\/autostil.ba\/maloprodaja\/wp-json\/wp\/v2\/product_brand?post=143943"},{"taxonomy":"product_cat","embeddable":true,"href":"https:\/\/autostil.ba\/maloprodaja\/wp-json\/wp\/v2\/product_cat?post=143943"},{"taxonomy":"product_tag","embeddable":true,"href":"https:\/\/autostil.ba\/maloprodaja\/wp-json\/wp\/v2\/product_tag?post=143943"}],"curies":[{"name":"wp","href":"https:\/\/api.w.org\/{rel}","templated":true}]}}