{"id":143483,"date":"2024-07-18T09:47:04","date_gmt":"2024-07-18T09:47:04","guid":{"rendered":"https:\/\/autostil.ba\/maloprodaja\/?post_type=product&#038;p=143483"},"modified":"2026-04-08T12:20:15","modified_gmt":"2026-04-08T10:20:15","slug":"zastita-za-leda-sjedala-sa-dzepovima","status":"publish","type":"product","link":"https:\/\/autostil.ba\/maloprodaja\/proizvod\/7397\/zastita-za-leda-sjedala-sa-dzepovima\/","title":{"rendered":"ZA\u0160TITA ZA LE\u0110A SJEDALA SA D\u017dEPOVIMA"},"content":{"rendered":"","protected":false},"excerpt":{"rendered":"<p>ZA\u0160TITA ZA LE\u0110A SJEDALA SA D\u017dEPOVIMA<\/p>\n","protected":false},"featured_media":143484,"comment_status":"open","ping_status":"closed","template":"","meta":{"_acf_changed":false,"inline_featured_image":false},"product_brand":[],"product_cat":[136],"product_tag":[],"class_list":{"0":"post-143483","1":"product","2":"type-product","3":"status-publish","4":"has-post-thumbnail","6":"product_cat-navlake-za-sjedala","8":"first","9":"instock","10":"taxable","11":"shipping-taxable","12":"purchasable","13":"product-type-simple"},"acf":[],"custom_product_id":"7397","_links":{"self":[{"href":"https:\/\/autostil.ba\/maloprodaja\/wp-json\/wp\/v2\/product\/143483","targetHints":{"allow":["GET"]}}],"collection":[{"href":"https:\/\/autostil.ba\/maloprodaja\/wp-json\/wp\/v2\/product"}],"about":[{"href":"https:\/\/autostil.ba\/maloprodaja\/wp-json\/wp\/v2\/types\/product"}],"replies":[{"embeddable":true,"href":"https:\/\/autostil.ba\/maloprodaja\/wp-json\/wp\/v2\/comments?post=143483"}],"version-history":[{"count":1,"href":"https:\/\/autostil.ba\/maloprodaja\/wp-json\/wp\/v2\/product\/143483\/revisions"}],"predecessor-version":[{"id":143485,"href":"https:\/\/autostil.ba\/maloprodaja\/wp-json\/wp\/v2\/product\/143483\/revisions\/143485"}],"wp:featuredmedia":[{"embeddable":true,"href":"https:\/\/autostil.ba\/maloprodaja\/wp-json\/wp\/v2\/media\/143484"}],"wp:attachment":[{"href":"https:\/\/autostil.ba\/maloprodaja\/wp-json\/wp\/v2\/media?parent=143483"}],"wp:term":[{"taxonomy":"product_brand","embeddable":true,"href":"https:\/\/autostil.ba\/maloprodaja\/wp-json\/wp\/v2\/product_brand?post=143483"},{"taxonomy":"product_cat","embeddable":true,"href":"https:\/\/autostil.ba\/maloprodaja\/wp-json\/wp\/v2\/product_cat?post=143483"},{"taxonomy":"product_tag","embeddable":true,"href":"https:\/\/autostil.ba\/maloprodaja\/wp-json\/wp\/v2\/product_tag?post=143483"}],"curies":[{"name":"wp","href":"https:\/\/api.w.org\/{rel}","templated":true}]}}