{"id":143473,"date":"2026-02-17T13:55:03","date_gmt":"2026-02-17T11:55:03","guid":{"rendered":"https:\/\/autostil.ba\/maloprodaja\/?post_type=product&#038;p=143473"},"modified":"2026-04-08T12:20:15","modified_gmt":"2026-04-08T10:20:15","slug":"ratkape-versaco-univerzalne-13-wind-silver-black","status":"publish","type":"product","link":"https:\/\/autostil.ba\/maloprodaja\/proizvod\/7390\/ratkape-versaco-univerzalne-13-wind-silver-black\/","title":{"rendered":"RATKAPE VERSACO UNIVERZALNE 13 WIND SILVER-BLACK (SET)"},"content":{"rendered":"","protected":false},"excerpt":{"rendered":"<p>Versaco ratkape su izra\u0111ene od plastike najvi\u0161eg kvaliteta. ABS materijal je poznat po svojoj pouzdanosti, tvrdo\u0107i i otpornosti kako na mehani\u010dka o\u0161te\u0107enja tako i na o\u0161te\u0107enja nastala uslijed vremenskih neprilika. Ratkape su modernog izgleda i estetski dizajnirane da se uklapaju sa linijom automobila.<\/p>\n<p><strong>NAGLA\u0160ENA CIJENA JE ZA SET OD 4 KOMADA !!<\/strong><\/p>\n","protected":false},"featured_media":143474,"comment_status":"open","ping_status":"closed","template":"","meta":{"_acf_changed":false,"inline_featured_image":false},"product_brand":[],"product_cat":[160],"product_tag":[],"class_list":{"0":"post-143473","1":"product","2":"type-product","3":"status-publish","4":"has-post-thumbnail","6":"product_cat-ratkape-bez-znaka","7":"pa_velicina-237","9":"first","10":"instock","11":"taxable","12":"shipping-taxable","13":"purchasable","14":"product-type-simple"},"acf":[],"custom_product_id":"7390","_links":{"self":[{"href":"https:\/\/autostil.ba\/maloprodaja\/wp-json\/wp\/v2\/product\/143473","targetHints":{"allow":["GET"]}}],"collection":[{"href":"https:\/\/autostil.ba\/maloprodaja\/wp-json\/wp\/v2\/product"}],"about":[{"href":"https:\/\/autostil.ba\/maloprodaja\/wp-json\/wp\/v2\/types\/product"}],"replies":[{"embeddable":true,"href":"https:\/\/autostil.ba\/maloprodaja\/wp-json\/wp\/v2\/comments?post=143473"}],"version-history":[{"count":2,"href":"https:\/\/autostil.ba\/maloprodaja\/wp-json\/wp\/v2\/product\/143473\/revisions"}],"predecessor-version":[{"id":793052028,"href":"https:\/\/autostil.ba\/maloprodaja\/wp-json\/wp\/v2\/product\/143473\/revisions\/793052028"}],"wp:featuredmedia":[{"embeddable":true,"href":"https:\/\/autostil.ba\/maloprodaja\/wp-json\/wp\/v2\/media\/143474"}],"wp:attachment":[{"href":"https:\/\/autostil.ba\/maloprodaja\/wp-json\/wp\/v2\/media?parent=143473"}],"wp:term":[{"taxonomy":"product_brand","embeddable":true,"href":"https:\/\/autostil.ba\/maloprodaja\/wp-json\/wp\/v2\/product_brand?post=143473"},{"taxonomy":"product_cat","embeddable":true,"href":"https:\/\/autostil.ba\/maloprodaja\/wp-json\/wp\/v2\/product_cat?post=143473"},{"taxonomy":"product_tag","embeddable":true,"href":"https:\/\/autostil.ba\/maloprodaja\/wp-json\/wp\/v2\/product_tag?post=143473"}],"curies":[{"name":"wp","href":"https:\/\/api.w.org\/{rel}","templated":true}]}}