{"id":143203,"date":"2024-07-18T09:46:49","date_gmt":"2024-07-18T09:46:49","guid":{"rendered":"https:\/\/autostil.ba\/maloprodaja\/?post_type=product&#038;p=143203"},"modified":"2026-04-08T12:20:03","modified_gmt":"2026-04-08T10:20:03","slug":"kozna-navlaka-rucne-kocnice-opel-omega-1994-do-1999","status":"publish","type":"product","link":"https:\/\/autostil.ba\/maloprodaja\/proizvod\/7327\/kozna-navlaka-rucne-kocnice-opel-omega-1994-do-1999\/","title":{"rendered":"KO\u017dNA NAVLAKA RU\u010cNE KO\u010cNICE OPEL OMEGA 1994 DO 1999"},"content":{"rendered":"","protected":false},"excerpt":{"rendered":"<p>KO\u017dNA NAVLAKA RU\u010cNE KO\u010cNICE OPEL OMEGA 1994 DO 1999<\/p>\n","protected":false},"featured_media":143204,"comment_status":"open","ping_status":"closed","template":"","meta":{"_acf_changed":false,"inline_featured_image":false},"product_brand":[],"product_cat":[902],"product_tag":[],"class_list":{"0":"post-143203","1":"product","2":"type-product","3":"status-publish","4":"has-post-thumbnail","6":"product_cat-koze-rucne-kocnice","7":"pa_brend-opel","9":"first","10":"instock","11":"taxable","12":"shipping-taxable","13":"purchasable","14":"product-type-simple"},"acf":[],"custom_product_id":"7327","_links":{"self":[{"href":"https:\/\/autostil.ba\/maloprodaja\/wp-json\/wp\/v2\/product\/143203","targetHints":{"allow":["GET"]}}],"collection":[{"href":"https:\/\/autostil.ba\/maloprodaja\/wp-json\/wp\/v2\/product"}],"about":[{"href":"https:\/\/autostil.ba\/maloprodaja\/wp-json\/wp\/v2\/types\/product"}],"replies":[{"embeddable":true,"href":"https:\/\/autostil.ba\/maloprodaja\/wp-json\/wp\/v2\/comments?post=143203"}],"version-history":[{"count":2,"href":"https:\/\/autostil.ba\/maloprodaja\/wp-json\/wp\/v2\/product\/143203\/revisions"}],"predecessor-version":[{"id":159986,"href":"https:\/\/autostil.ba\/maloprodaja\/wp-json\/wp\/v2\/product\/143203\/revisions\/159986"}],"wp:featuredmedia":[{"embeddable":true,"href":"https:\/\/autostil.ba\/maloprodaja\/wp-json\/wp\/v2\/media\/143204"}],"wp:attachment":[{"href":"https:\/\/autostil.ba\/maloprodaja\/wp-json\/wp\/v2\/media?parent=143203"}],"wp:term":[{"taxonomy":"product_brand","embeddable":true,"href":"https:\/\/autostil.ba\/maloprodaja\/wp-json\/wp\/v2\/product_brand?post=143203"},{"taxonomy":"product_cat","embeddable":true,"href":"https:\/\/autostil.ba\/maloprodaja\/wp-json\/wp\/v2\/product_cat?post=143203"},{"taxonomy":"product_tag","embeddable":true,"href":"https:\/\/autostil.ba\/maloprodaja\/wp-json\/wp\/v2\/product_tag?post=143203"}],"curies":[{"name":"wp","href":"https:\/\/api.w.org\/{rel}","templated":true}]}}