{"id":143043,"date":"2024-07-18T09:46:40","date_gmt":"2024-07-18T07:46:40","guid":{"rendered":"https:\/\/autostil.ba\/maloprodaja\/?post_type=product&#038;p=143043"},"modified":"2026-04-08T12:19:51","modified_gmt":"2026-04-08T10:19:51","slug":"krovni-nosac-nordriwe-citroen-berlingo-2008-2018","status":"publish","type":"product","link":"https:\/\/autostil.ba\/maloprodaja\/proizvod\/7231\/krovni-nosac-nordriwe-citroen-berlingo-2008-2018\/","title":{"rendered":"KROVNI NOSA\u010c NORDRIWE CITROEN BERLINGO 2008 2018"},"content":{"rendered":"","protected":false},"excerpt":{"rendered":"<p>KROVNI NOSA\u010c CITROEN BERLINGO PEUGEOT PARTNER 2008 DO 2018  Kompleti za ugradnju, fiksne ta\u010dke,  2 bara ; Citroen Berlingo, bez poklopca na zadnjem krovu, 04\/08 do 03\/12; Citroen Berlingo,  samo s poklopcem zadnjeg krova, 04\/08 do 03\/12;  Citroen Berlingo,  04.08. 04\/15 do  05\/18; Citroen Berlingo  04\/15 do 05\/18;  Peugeot Partner, bez poklopca stra\u017enjeg krova,  04\/08 do 02\/12, Peugeot Partner, samo sa zadnjim poklopcem na krovu,  04 \/ 08 do 02\/12;  Peugeot Partner  04\/08 do 08\/18); Peugeot Partner, samo s poklopcem stra\u017enjeg krova,  03\/12 do 08\/18;  Peugeot Partner  03\/12 do 08\/18;  Peugeot Partner Tepee 05.08. 18.08.<\/p>\n","protected":false},"featured_media":143044,"comment_status":"open","ping_status":"closed","template":"","meta":{"_acf_changed":false,"inline_featured_image":false},"product_brand":[],"product_cat":[134],"product_tag":[],"class_list":{"0":"post-143043","1":"product","2":"type-product","3":"status-publish","4":"has-post-thumbnail","6":"product_cat-krovni-nosaci-tipski","7":"pa_brend-citroen","9":"first","10":"instock","11":"taxable","12":"shipping-taxable","13":"purchasable","14":"product-type-simple"},"acf":[],"custom_product_id":"7231","_links":{"self":[{"href":"https:\/\/autostil.ba\/maloprodaja\/wp-json\/wp\/v2\/product\/143043","targetHints":{"allow":["GET"]}}],"collection":[{"href":"https:\/\/autostil.ba\/maloprodaja\/wp-json\/wp\/v2\/product"}],"about":[{"href":"https:\/\/autostil.ba\/maloprodaja\/wp-json\/wp\/v2\/types\/product"}],"replies":[{"embeddable":true,"href":"https:\/\/autostil.ba\/maloprodaja\/wp-json\/wp\/v2\/comments?post=143043"}],"version-history":[{"count":1,"href":"https:\/\/autostil.ba\/maloprodaja\/wp-json\/wp\/v2\/product\/143043\/revisions"}],"predecessor-version":[{"id":143045,"href":"https:\/\/autostil.ba\/maloprodaja\/wp-json\/wp\/v2\/product\/143043\/revisions\/143045"}],"wp:featuredmedia":[{"embeddable":true,"href":"https:\/\/autostil.ba\/maloprodaja\/wp-json\/wp\/v2\/media\/143044"}],"wp:attachment":[{"href":"https:\/\/autostil.ba\/maloprodaja\/wp-json\/wp\/v2\/media?parent=143043"}],"wp:term":[{"taxonomy":"product_brand","embeddable":true,"href":"https:\/\/autostil.ba\/maloprodaja\/wp-json\/wp\/v2\/product_brand?post=143043"},{"taxonomy":"product_cat","embeddable":true,"href":"https:\/\/autostil.ba\/maloprodaja\/wp-json\/wp\/v2\/product_cat?post=143043"},{"taxonomy":"product_tag","embeddable":true,"href":"https:\/\/autostil.ba\/maloprodaja\/wp-json\/wp\/v2\/product_tag?post=143043"}],"curies":[{"name":"wp","href":"https:\/\/api.w.org\/{rel}","templated":true}]}}