{"id":143003,"date":"2025-03-28T13:58:38","date_gmt":"2025-03-28T11:58:38","guid":{"rendered":"https:\/\/autostil.ba\/maloprodaja\/?post_type=product&#038;p=143003"},"modified":"2026-04-08T12:19:50","modified_gmt":"2026-04-08T10:19:50","slug":"kabal-za-zvucnike-5-m","status":"publish","type":"product","link":"https:\/\/autostil.ba\/maloprodaja\/proizvod\/7210\/kabal-za-zvucnike-5-m\/","title":{"rendered":"KABAL ZA ZVU\u010cNIKE \u010cIN\u010c PLAVI+CRVENI (5m)"},"content":{"rendered":"","protected":false},"excerpt":{"rendered":"<p>KABAL ZA ZVU\u010cNIKE \u010cIN\u010c PLAVI+CRVENI (5m)<\/p>\n","protected":false},"featured_media":143004,"comment_status":"open","ping_status":"closed","template":"","meta":{"_acf_changed":false,"inline_featured_image":false},"product_brand":[],"product_cat":[147],"product_tag":[],"class_list":{"0":"post-143003","1":"product","2":"type-product","3":"status-publish","4":"has-post-thumbnail","6":"product_cat-zvucnici-i-mikrofoni","8":"first","9":"instock","10":"taxable","11":"shipping-taxable","12":"purchasable","13":"product-type-simple"},"acf":[],"custom_product_id":"7210","_links":{"self":[{"href":"https:\/\/autostil.ba\/maloprodaja\/wp-json\/wp\/v2\/product\/143003","targetHints":{"allow":["GET"]}}],"collection":[{"href":"https:\/\/autostil.ba\/maloprodaja\/wp-json\/wp\/v2\/product"}],"about":[{"href":"https:\/\/autostil.ba\/maloprodaja\/wp-json\/wp\/v2\/types\/product"}],"replies":[{"embeddable":true,"href":"https:\/\/autostil.ba\/maloprodaja\/wp-json\/wp\/v2\/comments?post=143003"}],"version-history":[{"count":3,"href":"https:\/\/autostil.ba\/maloprodaja\/wp-json\/wp\/v2\/product\/143003\/revisions"}],"predecessor-version":[{"id":793050209,"href":"https:\/\/autostil.ba\/maloprodaja\/wp-json\/wp\/v2\/product\/143003\/revisions\/793050209"}],"wp:featuredmedia":[{"embeddable":true,"href":"https:\/\/autostil.ba\/maloprodaja\/wp-json\/wp\/v2\/media\/143004"}],"wp:attachment":[{"href":"https:\/\/autostil.ba\/maloprodaja\/wp-json\/wp\/v2\/media?parent=143003"}],"wp:term":[{"taxonomy":"product_brand","embeddable":true,"href":"https:\/\/autostil.ba\/maloprodaja\/wp-json\/wp\/v2\/product_brand?post=143003"},{"taxonomy":"product_cat","embeddable":true,"href":"https:\/\/autostil.ba\/maloprodaja\/wp-json\/wp\/v2\/product_cat?post=143003"},{"taxonomy":"product_tag","embeddable":true,"href":"https:\/\/autostil.ba\/maloprodaja\/wp-json\/wp\/v2\/product_tag?post=143003"}],"curies":[{"name":"wp","href":"https:\/\/api.w.org\/{rel}","templated":true}]}}