{"id":142903,"date":"2024-07-18T09:46:33","date_gmt":"2024-07-18T07:46:33","guid":{"rendered":"https:\/\/autostil.ba\/maloprodaja\/?post_type=product&#038;p=142903"},"modified":"2026-04-08T12:19:45","modified_gmt":"2026-04-08T10:19:45","slug":"rucica-podizaca-sjedista-vw-golf-2-3-lijeva","status":"publish","type":"product","link":"https:\/\/autostil.ba\/maloprodaja\/proizvod\/7138\/rucica-podizaca-sjedista-vw-golf-2-3-lijeva\/","title":{"rendered":"RU\u010cICA PODIZA\u010cA SJEDI\u0160TA VW GOLF 2\/3 LIJEVA"},"content":{"rendered":"","protected":false},"excerpt":{"rendered":"<p>RU\u010cICA PODIZA\u010cA SJEDI\u0160TA VW GOLF 2\/3 LIJEVA<\/p>\n","protected":false},"featured_media":142904,"comment_status":"open","ping_status":"closed","template":"","meta":{"_acf_changed":false,"inline_featured_image":false},"product_brand":[],"product_cat":[24],"product_tag":[],"class_list":{"0":"post-142903","1":"product","2":"type-product","3":"status-publish","4":"has-post-thumbnail","6":"product_cat-kopce-vijci-cepovi","8":"first","9":"instock","10":"taxable","11":"shipping-taxable","12":"purchasable","13":"product-type-simple"},"acf":[],"custom_product_id":"7138","_links":{"self":[{"href":"https:\/\/autostil.ba\/maloprodaja\/wp-json\/wp\/v2\/product\/142903","targetHints":{"allow":["GET"]}}],"collection":[{"href":"https:\/\/autostil.ba\/maloprodaja\/wp-json\/wp\/v2\/product"}],"about":[{"href":"https:\/\/autostil.ba\/maloprodaja\/wp-json\/wp\/v2\/types\/product"}],"replies":[{"embeddable":true,"href":"https:\/\/autostil.ba\/maloprodaja\/wp-json\/wp\/v2\/comments?post=142903"}],"version-history":[{"count":1,"href":"https:\/\/autostil.ba\/maloprodaja\/wp-json\/wp\/v2\/product\/142903\/revisions"}],"predecessor-version":[{"id":142905,"href":"https:\/\/autostil.ba\/maloprodaja\/wp-json\/wp\/v2\/product\/142903\/revisions\/142905"}],"wp:featuredmedia":[{"embeddable":true,"href":"https:\/\/autostil.ba\/maloprodaja\/wp-json\/wp\/v2\/media\/142904"}],"wp:attachment":[{"href":"https:\/\/autostil.ba\/maloprodaja\/wp-json\/wp\/v2\/media?parent=142903"}],"wp:term":[{"taxonomy":"product_brand","embeddable":true,"href":"https:\/\/autostil.ba\/maloprodaja\/wp-json\/wp\/v2\/product_brand?post=142903"},{"taxonomy":"product_cat","embeddable":true,"href":"https:\/\/autostil.ba\/maloprodaja\/wp-json\/wp\/v2\/product_cat?post=142903"},{"taxonomy":"product_tag","embeddable":true,"href":"https:\/\/autostil.ba\/maloprodaja\/wp-json\/wp\/v2\/product_tag?post=142903"}],"curies":[{"name":"wp","href":"https:\/\/api.w.org\/{rel}","templated":true}]}}