{"id":142823,"date":"2024-07-18T09:46:29","date_gmt":"2024-07-18T09:46:29","guid":{"rendered":"https:\/\/autostil.ba\/maloprodaja\/?post_type=product&#038;p=142823"},"modified":"2026-04-08T12:19:39","modified_gmt":"2026-04-08T10:19:39","slug":"privjesak-za-kljuc-koza-metal-subaru","status":"publish","type":"product","link":"https:\/\/autostil.ba\/maloprodaja\/proizvod\/7108\/privjesak-za-kljuc-koza-metal-subaru\/","title":{"rendered":"PRIVJESAK ZA KLJU\u010c KO\u017dA METAL SUBARU"},"content":{"rendered":"","protected":false},"excerpt":{"rendered":"<p>PRIVJESAK ZA KLJU\u010c KO\u017dA METAL SUBARU<\/p>\n","protected":false},"featured_media":142824,"comment_status":"open","ping_status":"closed","template":"","meta":{"_acf_changed":false,"inline_featured_image":false},"product_brand":[],"product_cat":[149],"product_tag":[],"class_list":{"0":"post-142823","1":"product","2":"type-product","3":"status-publish","4":"has-post-thumbnail","6":"product_cat-privjesci-i-torbice-za-kljuceve","8":"first","9":"instock","10":"taxable","11":"shipping-taxable","12":"purchasable","13":"product-type-simple"},"acf":[],"custom_product_id":"7108","_links":{"self":[{"href":"https:\/\/autostil.ba\/maloprodaja\/wp-json\/wp\/v2\/product\/142823","targetHints":{"allow":["GET"]}}],"collection":[{"href":"https:\/\/autostil.ba\/maloprodaja\/wp-json\/wp\/v2\/product"}],"about":[{"href":"https:\/\/autostil.ba\/maloprodaja\/wp-json\/wp\/v2\/types\/product"}],"replies":[{"embeddable":true,"href":"https:\/\/autostil.ba\/maloprodaja\/wp-json\/wp\/v2\/comments?post=142823"}],"version-history":[{"count":1,"href":"https:\/\/autostil.ba\/maloprodaja\/wp-json\/wp\/v2\/product\/142823\/revisions"}],"predecessor-version":[{"id":142825,"href":"https:\/\/autostil.ba\/maloprodaja\/wp-json\/wp\/v2\/product\/142823\/revisions\/142825"}],"wp:featuredmedia":[{"embeddable":true,"href":"https:\/\/autostil.ba\/maloprodaja\/wp-json\/wp\/v2\/media\/142824"}],"wp:attachment":[{"href":"https:\/\/autostil.ba\/maloprodaja\/wp-json\/wp\/v2\/media?parent=142823"}],"wp:term":[{"taxonomy":"product_brand","embeddable":true,"href":"https:\/\/autostil.ba\/maloprodaja\/wp-json\/wp\/v2\/product_brand?post=142823"},{"taxonomy":"product_cat","embeddable":true,"href":"https:\/\/autostil.ba\/maloprodaja\/wp-json\/wp\/v2\/product_cat?post=142823"},{"taxonomy":"product_tag","embeddable":true,"href":"https:\/\/autostil.ba\/maloprodaja\/wp-json\/wp\/v2\/product_tag?post=142823"}],"curies":[{"name":"wp","href":"https:\/\/api.w.org\/{rel}","templated":true}]}}