{"id":142753,"date":"2024-07-18T09:46:26","date_gmt":"2024-07-18T07:46:26","guid":{"rendered":"https:\/\/autostil.ba\/maloprodaja\/?post_type=product&#038;p=142753"},"modified":"2026-04-13T16:01:59","modified_gmt":"2026-04-13T14:01:59","slug":"privjesak-za-kljuc-koza-metal-fiat","status":"publish","type":"product","link":"https:\/\/autostil.ba\/maloprodaja\/proizvod\/7097\/privjesak-za-kljuc-koza-metal-fiat\/","title":{"rendered":"PRIVJESAK ZA KLJU\u010c KO\u017dA METAL FIAT"},"content":{"rendered":"","protected":false},"excerpt":{"rendered":"<p>PRIVJESAK ZA KLJU\u010c KO\u017dA METAL FIAT<\/p>\n","protected":false},"featured_media":142754,"comment_status":"open","ping_status":"closed","template":"","meta":{"_acf_changed":false,"inline_featured_image":false},"product_brand":[],"product_cat":[149],"product_tag":[],"class_list":{"0":"post-142753","1":"product","2":"type-product","3":"status-publish","4":"has-post-thumbnail","6":"product_cat-privjesci-i-torbice-za-kljuceve","8":"first","9":"instock","10":"taxable","11":"shipping-taxable","12":"purchasable","13":"product-type-simple"},"acf":[],"custom_product_id":"7097","_links":{"self":[{"href":"https:\/\/autostil.ba\/maloprodaja\/wp-json\/wp\/v2\/product\/142753","targetHints":{"allow":["GET"]}}],"collection":[{"href":"https:\/\/autostil.ba\/maloprodaja\/wp-json\/wp\/v2\/product"}],"about":[{"href":"https:\/\/autostil.ba\/maloprodaja\/wp-json\/wp\/v2\/types\/product"}],"replies":[{"embeddable":true,"href":"https:\/\/autostil.ba\/maloprodaja\/wp-json\/wp\/v2\/comments?post=142753"}],"version-history":[{"count":2,"href":"https:\/\/autostil.ba\/maloprodaja\/wp-json\/wp\/v2\/product\/142753\/revisions"}],"predecessor-version":[{"id":159934,"href":"https:\/\/autostil.ba\/maloprodaja\/wp-json\/wp\/v2\/product\/142753\/revisions\/159934"}],"wp:featuredmedia":[{"embeddable":true,"href":"https:\/\/autostil.ba\/maloprodaja\/wp-json\/wp\/v2\/media\/142754"}],"wp:attachment":[{"href":"https:\/\/autostil.ba\/maloprodaja\/wp-json\/wp\/v2\/media?parent=142753"}],"wp:term":[{"taxonomy":"product_brand","embeddable":true,"href":"https:\/\/autostil.ba\/maloprodaja\/wp-json\/wp\/v2\/product_brand?post=142753"},{"taxonomy":"product_cat","embeddable":true,"href":"https:\/\/autostil.ba\/maloprodaja\/wp-json\/wp\/v2\/product_cat?post=142753"},{"taxonomy":"product_tag","embeddable":true,"href":"https:\/\/autostil.ba\/maloprodaja\/wp-json\/wp\/v2\/product_tag?post=142753"}],"curies":[{"name":"wp","href":"https:\/\/api.w.org\/{rel}","templated":true}]}}