{"id":142033,"date":"2024-07-18T09:45:49","date_gmt":"2024-07-18T07:45:49","guid":{"rendered":"https:\/\/autostil.ba\/maloprodaja\/?post_type=product&#038;p=142033"},"modified":"2026-04-08T12:18:56","modified_gmt":"2026-04-08T10:18:56","slug":"mrezna-pregrada-za-kucne-ljubimce-100x100","status":"publish","type":"product","link":"https:\/\/autostil.ba\/maloprodaja\/proizvod\/6837\/mrezna-pregrada-za-kucne-ljubimce-100x100\/","title":{"rendered":"MRE\u017dNA PREGRADA ZA KU\u0106NE LJUBIMCE 100&#215;100"},"content":{"rendered":"","protected":false},"excerpt":{"rendered":"<p>MRE\u017dA ZA \u017dIVOTINJE 100X100CM Pobolj\u0161ava sigurnost za ljude i \u017eivotinje. Jednostavna instalacija. Sadr\u017ei elemente koji omogu\u0107uju pri\u010dvr\u0161\u0107ivanje mre\u017ee na vrata vozila ili krovne ograde. Veli\u010dina: 100 x 100 cm.<\/p>\n","protected":false},"featured_media":142034,"comment_status":"open","ping_status":"closed","template":"","meta":{"_acf_changed":false,"inline_featured_image":false},"product_brand":[],"product_cat":[93],"product_tag":[],"class_list":{"0":"post-142033","1":"product","2":"type-product","3":"status-publish","4":"has-post-thumbnail","6":"product_cat-dodatna-oprema-enterijera","8":"first","9":"instock","10":"sale","11":"taxable","12":"shipping-taxable","13":"purchasable","14":"product-type-simple"},"acf":[],"custom_product_id":"6837","_links":{"self":[{"href":"https:\/\/autostil.ba\/maloprodaja\/wp-json\/wp\/v2\/product\/142033","targetHints":{"allow":["GET"]}}],"collection":[{"href":"https:\/\/autostil.ba\/maloprodaja\/wp-json\/wp\/v2\/product"}],"about":[{"href":"https:\/\/autostil.ba\/maloprodaja\/wp-json\/wp\/v2\/types\/product"}],"replies":[{"embeddable":true,"href":"https:\/\/autostil.ba\/maloprodaja\/wp-json\/wp\/v2\/comments?post=142033"}],"version-history":[{"count":1,"href":"https:\/\/autostil.ba\/maloprodaja\/wp-json\/wp\/v2\/product\/142033\/revisions"}],"predecessor-version":[{"id":142035,"href":"https:\/\/autostil.ba\/maloprodaja\/wp-json\/wp\/v2\/product\/142033\/revisions\/142035"}],"wp:featuredmedia":[{"embeddable":true,"href":"https:\/\/autostil.ba\/maloprodaja\/wp-json\/wp\/v2\/media\/142034"}],"wp:attachment":[{"href":"https:\/\/autostil.ba\/maloprodaja\/wp-json\/wp\/v2\/media?parent=142033"}],"wp:term":[{"taxonomy":"product_brand","embeddable":true,"href":"https:\/\/autostil.ba\/maloprodaja\/wp-json\/wp\/v2\/product_brand?post=142033"},{"taxonomy":"product_cat","embeddable":true,"href":"https:\/\/autostil.ba\/maloprodaja\/wp-json\/wp\/v2\/product_cat?post=142033"},{"taxonomy":"product_tag","embeddable":true,"href":"https:\/\/autostil.ba\/maloprodaja\/wp-json\/wp\/v2\/product_tag?post=142033"}],"curies":[{"name":"wp","href":"https:\/\/api.w.org\/{rel}","templated":true}]}}