{"id":142023,"date":"2024-07-18T09:45:48","date_gmt":"2024-07-18T09:45:48","guid":{"rendered":"https:\/\/autostil.ba\/maloprodaja\/?post_type=product&#038;p=142023"},"modified":"2026-04-08T12:18:56","modified_gmt":"2026-04-08T10:18:56","slug":"kozna-navlaka-rucne-kocnice-tipska-opel-vectra-c-2002-do-2009","status":"publish","type":"product","link":"https:\/\/autostil.ba\/maloprodaja\/proizvod\/6826\/kozna-navlaka-rucne-kocnice-tipska-opel-vectra-c-2002-do-2009\/","title":{"rendered":"KO\u017dNA NAVLAKA RU\u010cNE KO\u010cNICE TIPSKA OPEL VECTRA C 2002 DO 2009"},"content":{"rendered":"","protected":false},"excerpt":{"rendered":"<p>KO\u017dNA NAVLAKA RU\u010cNE KO\u010cNICE TIPSKA OPEL VECTRA C 2002 DO 2009<\/p>\n","protected":false},"featured_media":142024,"comment_status":"open","ping_status":"closed","template":"","meta":{"_acf_changed":false,"inline_featured_image":false},"product_brand":[],"product_cat":[902],"product_tag":[],"class_list":{"0":"post-142023","1":"product","2":"type-product","3":"status-publish","4":"has-post-thumbnail","6":"product_cat-koze-rucne-kocnice","7":"pa_brend-opel","9":"first","10":"instock","11":"taxable","12":"shipping-taxable","13":"purchasable","14":"product-type-simple"},"acf":[],"custom_product_id":"6826","_links":{"self":[{"href":"https:\/\/autostil.ba\/maloprodaja\/wp-json\/wp\/v2\/product\/142023","targetHints":{"allow":["GET"]}}],"collection":[{"href":"https:\/\/autostil.ba\/maloprodaja\/wp-json\/wp\/v2\/product"}],"about":[{"href":"https:\/\/autostil.ba\/maloprodaja\/wp-json\/wp\/v2\/types\/product"}],"replies":[{"embeddable":true,"href":"https:\/\/autostil.ba\/maloprodaja\/wp-json\/wp\/v2\/comments?post=142023"}],"version-history":[{"count":1,"href":"https:\/\/autostil.ba\/maloprodaja\/wp-json\/wp\/v2\/product\/142023\/revisions"}],"predecessor-version":[{"id":142025,"href":"https:\/\/autostil.ba\/maloprodaja\/wp-json\/wp\/v2\/product\/142023\/revisions\/142025"}],"wp:featuredmedia":[{"embeddable":true,"href":"https:\/\/autostil.ba\/maloprodaja\/wp-json\/wp\/v2\/media\/142024"}],"wp:attachment":[{"href":"https:\/\/autostil.ba\/maloprodaja\/wp-json\/wp\/v2\/media?parent=142023"}],"wp:term":[{"taxonomy":"product_brand","embeddable":true,"href":"https:\/\/autostil.ba\/maloprodaja\/wp-json\/wp\/v2\/product_brand?post=142023"},{"taxonomy":"product_cat","embeddable":true,"href":"https:\/\/autostil.ba\/maloprodaja\/wp-json\/wp\/v2\/product_cat?post=142023"},{"taxonomy":"product_tag","embeddable":true,"href":"https:\/\/autostil.ba\/maloprodaja\/wp-json\/wp\/v2\/product_tag?post=142023"}],"curies":[{"name":"wp","href":"https:\/\/api.w.org\/{rel}","templated":true}]}}