{"id":141843,"date":"2024-07-18T09:45:38","date_gmt":"2024-07-18T09:45:38","guid":{"rendered":"https:\/\/autostil.ba\/maloprodaja\/?post_type=product&#038;p=141843"},"modified":"2026-04-08T12:18:50","modified_gmt":"2026-04-08T10:18:50","slug":"drzac-za-telefon-tablet-navigaciju-polex-grip","status":"publish","type":"product","link":"https:\/\/autostil.ba\/maloprodaja\/proizvod\/6624\/drzac-za-telefon-tablet-navigaciju-polex-grip\/","title":{"rendered":"DR\u017dA\u010c ZA TELEFON, TABLET, NAVIGACIJU POLEX GRIP"},"content":{"rendered":"","protected":false},"excerpt":{"rendered":"<p>DR\u017dA\u010c ZA TELEFON, TABLET, NAVIGACIJU POLEX GRIP Polex Grip, telefon, tablet i nosa\u010d tableta.Univerzalno pri\u010dvr\u0161\u0107ivanje na stupove naslona za glavu.Kompaktan i otporan dizajn.Podesivo i rotiraju\u0107e za 360 \u00b0.Gumeni umetci protiv klizanja.<br \/>\nKompatibilno je s ure\u0111ajima \u0161irine ili visine od 125 do 180 mm.<br \/>\nNe ometa aux i priklju\u010dak za punjenje.<\/p>\n","protected":false},"featured_media":141844,"comment_status":"open","ping_status":"closed","template":"","meta":{"_acf_changed":false,"inline_featured_image":false},"product_brand":[],"product_cat":[105],"product_tag":[],"class_list":{"0":"post-141843","1":"product","2":"type-product","3":"status-publish","4":"has-post-thumbnail","6":"product_cat-nosaci-mobitela-tableta-navigacije","8":"first","9":"instock","10":"taxable","11":"shipping-taxable","12":"purchasable","13":"product-type-simple"},"acf":[],"custom_product_id":"6624","_links":{"self":[{"href":"https:\/\/autostil.ba\/maloprodaja\/wp-json\/wp\/v2\/product\/141843","targetHints":{"allow":["GET"]}}],"collection":[{"href":"https:\/\/autostil.ba\/maloprodaja\/wp-json\/wp\/v2\/product"}],"about":[{"href":"https:\/\/autostil.ba\/maloprodaja\/wp-json\/wp\/v2\/types\/product"}],"replies":[{"embeddable":true,"href":"https:\/\/autostil.ba\/maloprodaja\/wp-json\/wp\/v2\/comments?post=141843"}],"version-history":[{"count":1,"href":"https:\/\/autostil.ba\/maloprodaja\/wp-json\/wp\/v2\/product\/141843\/revisions"}],"predecessor-version":[{"id":141845,"href":"https:\/\/autostil.ba\/maloprodaja\/wp-json\/wp\/v2\/product\/141843\/revisions\/141845"}],"wp:featuredmedia":[{"embeddable":true,"href":"https:\/\/autostil.ba\/maloprodaja\/wp-json\/wp\/v2\/media\/141844"}],"wp:attachment":[{"href":"https:\/\/autostil.ba\/maloprodaja\/wp-json\/wp\/v2\/media?parent=141843"}],"wp:term":[{"taxonomy":"product_brand","embeddable":true,"href":"https:\/\/autostil.ba\/maloprodaja\/wp-json\/wp\/v2\/product_brand?post=141843"},{"taxonomy":"product_cat","embeddable":true,"href":"https:\/\/autostil.ba\/maloprodaja\/wp-json\/wp\/v2\/product_cat?post=141843"},{"taxonomy":"product_tag","embeddable":true,"href":"https:\/\/autostil.ba\/maloprodaja\/wp-json\/wp\/v2\/product_tag?post=141843"}],"curies":[{"name":"wp","href":"https:\/\/api.w.org\/{rel}","templated":true}]}}