{"id":141793,"date":"2024-12-18T10:06:36","date_gmt":"2024-12-18T08:06:36","guid":{"rendered":"https:\/\/autostil.ba\/maloprodaja\/?post_type=product&#038;p=141793"},"modified":"2026-04-08T12:18:45","modified_gmt":"2026-04-08T10:18:45","slug":"brisac-zadnji-tipski-skoda-seat-vw","status":"publish","type":"product","link":"https:\/\/autostil.ba\/maloprodaja\/proizvod\/6596\/brisac-zadnji-tipski-skoda-seat-vw\/","title":{"rendered":"BRISA\u010c ZADNJI TIPSKI \u0160KODA, SEAT, VW"},"content":{"rendered":"","protected":false},"excerpt":{"rendered":"<p>BRISA\u010c ZADNJI TIPSKI \u0160KODA, SEAT, VW;<\/p>\n<p>SEAT: LEON S.COUPE 13-; \u0160KODA: OCTAVIA 3 HB 12-, RAPID 12-, RAPID SPACEBACK 13-, SUPERB SW 09-; VOLKSWAGEN: CADDY 15-, CARAVELLE T6 15-, MULTIVAN T6 15-, TRANSPORTET T6 15-<\/p>\n","protected":false},"featured_media":141794,"comment_status":"open","ping_status":"closed","template":"","meta":{"_acf_changed":false,"inline_featured_image":false},"product_brand":[],"product_cat":[75],"product_tag":[],"class_list":{"0":"post-141793","1":"product","2":"type-product","3":"status-publish","4":"has-post-thumbnail","6":"product_cat-metlice-brisaca-zadnje-tipske","8":"first","9":"instock","10":"taxable","11":"shipping-taxable","12":"purchasable","13":"product-type-simple"},"acf":[],"custom_product_id":"6596","_links":{"self":[{"href":"https:\/\/autostil.ba\/maloprodaja\/wp-json\/wp\/v2\/product\/141793","targetHints":{"allow":["GET"]}}],"collection":[{"href":"https:\/\/autostil.ba\/maloprodaja\/wp-json\/wp\/v2\/product"}],"about":[{"href":"https:\/\/autostil.ba\/maloprodaja\/wp-json\/wp\/v2\/types\/product"}],"replies":[{"embeddable":true,"href":"https:\/\/autostil.ba\/maloprodaja\/wp-json\/wp\/v2\/comments?post=141793"}],"version-history":[{"count":2,"href":"https:\/\/autostil.ba\/maloprodaja\/wp-json\/wp\/v2\/product\/141793\/revisions"}],"predecessor-version":[{"id":793047796,"href":"https:\/\/autostil.ba\/maloprodaja\/wp-json\/wp\/v2\/product\/141793\/revisions\/793047796"}],"wp:featuredmedia":[{"embeddable":true,"href":"https:\/\/autostil.ba\/maloprodaja\/wp-json\/wp\/v2\/media\/141794"}],"wp:attachment":[{"href":"https:\/\/autostil.ba\/maloprodaja\/wp-json\/wp\/v2\/media?parent=141793"}],"wp:term":[{"taxonomy":"product_brand","embeddable":true,"href":"https:\/\/autostil.ba\/maloprodaja\/wp-json\/wp\/v2\/product_brand?post=141793"},{"taxonomy":"product_cat","embeddable":true,"href":"https:\/\/autostil.ba\/maloprodaja\/wp-json\/wp\/v2\/product_cat?post=141793"},{"taxonomy":"product_tag","embeddable":true,"href":"https:\/\/autostil.ba\/maloprodaja\/wp-json\/wp\/v2\/product_tag?post=141793"}],"curies":[{"name":"wp","href":"https:\/\/api.w.org\/{rel}","templated":true}]}}