{"id":141703,"date":"2025-10-24T08:31:31","date_gmt":"2025-10-24T06:31:31","guid":{"rendered":"https:\/\/autostil.ba\/maloprodaja\/?post_type=product&#038;p=141703"},"modified":"2026-04-08T12:18:39","modified_gmt":"2026-04-08T10:18:39","slug":"nosac-zadnje-metlice-brisaca-vw-t5t6-caddy","status":"publish","type":"product","link":"https:\/\/autostil.ba\/maloprodaja\/proizvod\/6582\/nosac-zadnje-metlice-brisaca-vw-t5t6-caddy\/","title":{"rendered":"NOSA\u010c ZADNJE METLICE BRISA\u010cA VW T5,T6 CADDY"},"content":{"rendered":"","protected":false},"excerpt":{"rendered":"<p>NOSA\u010c ZADNJE METLICE BRISA\u010cA VW T5,T6 CADDY<\/p>\n","protected":false},"featured_media":141704,"comment_status":"open","ping_status":"closed","template":"","meta":{"_acf_changed":false,"inline_featured_image":false},"product_brand":[],"product_cat":[175],"product_tag":[],"class_list":{"0":"post-141703","1":"product","2":"type-product","3":"status-publish","4":"has-post-thumbnail","6":"product_cat-nosac-zadnje-metlice-brisaca","8":"first","9":"instock","10":"taxable","11":"shipping-taxable","12":"purchasable","13":"product-type-simple"},"acf":[],"custom_product_id":"6582","_links":{"self":[{"href":"https:\/\/autostil.ba\/maloprodaja\/wp-json\/wp\/v2\/product\/141703","targetHints":{"allow":["GET"]}}],"collection":[{"href":"https:\/\/autostil.ba\/maloprodaja\/wp-json\/wp\/v2\/product"}],"about":[{"href":"https:\/\/autostil.ba\/maloprodaja\/wp-json\/wp\/v2\/types\/product"}],"replies":[{"embeddable":true,"href":"https:\/\/autostil.ba\/maloprodaja\/wp-json\/wp\/v2\/comments?post=141703"}],"version-history":[{"count":1,"href":"https:\/\/autostil.ba\/maloprodaja\/wp-json\/wp\/v2\/product\/141703\/revisions"}],"predecessor-version":[{"id":141705,"href":"https:\/\/autostil.ba\/maloprodaja\/wp-json\/wp\/v2\/product\/141703\/revisions\/141705"}],"wp:featuredmedia":[{"embeddable":true,"href":"https:\/\/autostil.ba\/maloprodaja\/wp-json\/wp\/v2\/media\/141704"}],"wp:attachment":[{"href":"https:\/\/autostil.ba\/maloprodaja\/wp-json\/wp\/v2\/media?parent=141703"}],"wp:term":[{"taxonomy":"product_brand","embeddable":true,"href":"https:\/\/autostil.ba\/maloprodaja\/wp-json\/wp\/v2\/product_brand?post=141703"},{"taxonomy":"product_cat","embeddable":true,"href":"https:\/\/autostil.ba\/maloprodaja\/wp-json\/wp\/v2\/product_cat?post=141703"},{"taxonomy":"product_tag","embeddable":true,"href":"https:\/\/autostil.ba\/maloprodaja\/wp-json\/wp\/v2\/product_tag?post=141703"}],"curies":[{"name":"wp","href":"https:\/\/api.w.org\/{rel}","templated":true}]}}