{"id":141413,"date":"2024-07-18T09:45:17","date_gmt":"2024-07-18T07:45:17","guid":{"rendered":"https:\/\/autostil.ba\/maloprodaja\/?post_type=product&#038;p=141413"},"modified":"2026-04-08T12:18:22","modified_gmt":"2026-04-08T10:18:22","slug":"stikeri-za-ratkape-toyota-fi76mm-set-4-komada","status":"publish","type":"product","link":"https:\/\/autostil.ba\/maloprodaja\/proizvod\/6401\/stikeri-za-ratkape-toyota-fi76mm-set-4-komada\/","title":{"rendered":"AMBLEMI ZA RATKAPE TOYOTA FI76mm (SET 4 KOMADA)"},"content":{"rendered":"","protected":false},"excerpt":{"rendered":"<p>Amblemi specifi\u010dno namjnjeni za SJS ratkape, pre\u010dnik 76mm. Nisu samoljepljivi, u setu ratkapa se dobiju prstenovi pomo\u0107u kojih se amblemi pri\u010dvrste na ratkape sistemom klik-klak.<\/p>\n<p><strong>Napomena:<\/strong>\u00a0<strong>Uz svaki kupljeni set ratkapa se dobije besplatno set amblema po \u017eelji !!<\/strong><\/p>\n","protected":false},"featured_media":141414,"comment_status":"open","ping_status":"closed","template":"","meta":{"_acf_changed":false,"inline_featured_image":false},"product_brand":[],"product_cat":[179],"product_tag":[],"class_list":{"0":"post-141413","1":"product","2":"type-product","3":"status-publish","4":"has-post-thumbnail","6":"product_cat-amblemi-za-ratkape","7":"pa_velicina-univerzalno","9":"first","10":"instock","11":"taxable","12":"shipping-taxable","13":"purchasable","14":"product-type-simple"},"acf":[],"custom_product_id":"6401","_links":{"self":[{"href":"https:\/\/autostil.ba\/maloprodaja\/wp-json\/wp\/v2\/product\/141413","targetHints":{"allow":["GET"]}}],"collection":[{"href":"https:\/\/autostil.ba\/maloprodaja\/wp-json\/wp\/v2\/product"}],"about":[{"href":"https:\/\/autostil.ba\/maloprodaja\/wp-json\/wp\/v2\/types\/product"}],"replies":[{"embeddable":true,"href":"https:\/\/autostil.ba\/maloprodaja\/wp-json\/wp\/v2\/comments?post=141413"}],"version-history":[{"count":2,"href":"https:\/\/autostil.ba\/maloprodaja\/wp-json\/wp\/v2\/product\/141413\/revisions"}],"predecessor-version":[{"id":793057102,"href":"https:\/\/autostil.ba\/maloprodaja\/wp-json\/wp\/v2\/product\/141413\/revisions\/793057102"}],"wp:featuredmedia":[{"embeddable":true,"href":"https:\/\/autostil.ba\/maloprodaja\/wp-json\/wp\/v2\/media\/141414"}],"wp:attachment":[{"href":"https:\/\/autostil.ba\/maloprodaja\/wp-json\/wp\/v2\/media?parent=141413"}],"wp:term":[{"taxonomy":"product_brand","embeddable":true,"href":"https:\/\/autostil.ba\/maloprodaja\/wp-json\/wp\/v2\/product_brand?post=141413"},{"taxonomy":"product_cat","embeddable":true,"href":"https:\/\/autostil.ba\/maloprodaja\/wp-json\/wp\/v2\/product_cat?post=141413"},{"taxonomy":"product_tag","embeddable":true,"href":"https:\/\/autostil.ba\/maloprodaja\/wp-json\/wp\/v2\/product_tag?post=141413"}],"curies":[{"name":"wp","href":"https:\/\/api.w.org\/{rel}","templated":true}]}}