{"id":141223,"date":"2024-07-18T09:45:06","date_gmt":"2024-07-18T09:45:06","guid":{"rendered":"https:\/\/autostil.ba\/maloprodaja\/?post_type=product&#038;p=141223"},"modified":"2026-04-08T12:18:10","modified_gmt":"2026-04-08T10:18:10","slug":"kozna-navlaka-mjenjaca-asy-renault-laguna-2001-2007","status":"publish","type":"product","link":"https:\/\/autostil.ba\/maloprodaja\/proizvod\/6354\/kozna-navlaka-mjenjaca-asy-renault-laguna-2001-2007\/","title":{"rendered":"KO\u017dNA NAVLAKA MJENJA\u010cA ASY RENAULT LAGUNA 2001-2007"},"content":{"rendered":"","protected":false},"excerpt":{"rendered":"<p>KO\u017dNA NAVLAKA MJENJA\u010cA RENAULT LAGUNA 2001-2007<\/p>\n","protected":false},"featured_media":141224,"comment_status":"open","ping_status":"closed","template":"","meta":{"_acf_changed":false,"inline_featured_image":false},"product_brand":[],"product_cat":[901],"product_tag":[],"class_list":{"0":"post-141223","1":"product","2":"type-product","3":"status-publish","4":"has-post-thumbnail","6":"product_cat-koze-mjenjaca","7":"pa_brend-renault","9":"first","10":"instock","11":"taxable","12":"shipping-taxable","13":"purchasable","14":"product-type-simple"},"acf":[],"custom_product_id":"6354","_links":{"self":[{"href":"https:\/\/autostil.ba\/maloprodaja\/wp-json\/wp\/v2\/product\/141223","targetHints":{"allow":["GET"]}}],"collection":[{"href":"https:\/\/autostil.ba\/maloprodaja\/wp-json\/wp\/v2\/product"}],"about":[{"href":"https:\/\/autostil.ba\/maloprodaja\/wp-json\/wp\/v2\/types\/product"}],"replies":[{"embeddable":true,"href":"https:\/\/autostil.ba\/maloprodaja\/wp-json\/wp\/v2\/comments?post=141223"}],"version-history":[{"count":2,"href":"https:\/\/autostil.ba\/maloprodaja\/wp-json\/wp\/v2\/product\/141223\/revisions"}],"predecessor-version":[{"id":159991,"href":"https:\/\/autostil.ba\/maloprodaja\/wp-json\/wp\/v2\/product\/141223\/revisions\/159991"}],"wp:featuredmedia":[{"embeddable":true,"href":"https:\/\/autostil.ba\/maloprodaja\/wp-json\/wp\/v2\/media\/141224"}],"wp:attachment":[{"href":"https:\/\/autostil.ba\/maloprodaja\/wp-json\/wp\/v2\/media?parent=141223"}],"wp:term":[{"taxonomy":"product_brand","embeddable":true,"href":"https:\/\/autostil.ba\/maloprodaja\/wp-json\/wp\/v2\/product_brand?post=141223"},{"taxonomy":"product_cat","embeddable":true,"href":"https:\/\/autostil.ba\/maloprodaja\/wp-json\/wp\/v2\/product_cat?post=141223"},{"taxonomy":"product_tag","embeddable":true,"href":"https:\/\/autostil.ba\/maloprodaja\/wp-json\/wp\/v2\/product_tag?post=141223"}],"curies":[{"name":"wp","href":"https:\/\/api.w.org\/{rel}","templated":true}]}}