{"id":141203,"date":"2025-10-17T14:42:05","date_gmt":"2025-10-17T12:42:05","guid":{"rendered":"https:\/\/autostil.ba\/maloprodaja\/?post_type=product&#038;p=141203"},"modified":"2026-04-08T12:18:09","modified_gmt":"2026-04-08T10:18:09","slug":"rora-niklovana-max-5812","status":"publish","type":"product","link":"https:\/\/autostil.ba\/maloprodaja\/proizvod\/6337\/rora-niklovana-max-5812\/","title":{"rendered":"RORA NIKLOVANA MAX 5812"},"content":{"rendered":"","protected":false},"excerpt":{"rendered":"<p>RORA NIKLOVANA MAX 5812 Visikokvalitetna niklovana rora, koja pobolj\u0161ava dizajn i daje ljep\u0161i izgled vozilu. Izduvna cijev za prigu\u0161iva\u010d umetnuta je na kraju auspuha i mora se pri\u010dvrstiti na pri\u010dvr\u0161\u0107ene vijke.<\/p>\n","protected":false},"featured_media":793045764,"comment_status":"open","ping_status":"closed","template":"","meta":{"_acf_changed":false,"inline_featured_image":false},"product_brand":[],"product_cat":[102],"product_tag":[],"class_list":{"0":"post-141203","1":"product","2":"type-product","3":"status-publish","4":"has-post-thumbnail","6":"product_cat-izduvni-sistem","8":"first","9":"instock","10":"taxable","11":"shipping-taxable","12":"purchasable","13":"product-type-simple"},"acf":[],"custom_product_id":"6337","_links":{"self":[{"href":"https:\/\/autostil.ba\/maloprodaja\/wp-json\/wp\/v2\/product\/141203","targetHints":{"allow":["GET"]}}],"collection":[{"href":"https:\/\/autostil.ba\/maloprodaja\/wp-json\/wp\/v2\/product"}],"about":[{"href":"https:\/\/autostil.ba\/maloprodaja\/wp-json\/wp\/v2\/types\/product"}],"replies":[{"embeddable":true,"href":"https:\/\/autostil.ba\/maloprodaja\/wp-json\/wp\/v2\/comments?post=141203"}],"version-history":[{"count":1,"href":"https:\/\/autostil.ba\/maloprodaja\/wp-json\/wp\/v2\/product\/141203\/revisions"}],"predecessor-version":[{"id":141205,"href":"https:\/\/autostil.ba\/maloprodaja\/wp-json\/wp\/v2\/product\/141203\/revisions\/141205"}],"wp:featuredmedia":[{"embeddable":true,"href":"https:\/\/autostil.ba\/maloprodaja\/wp-json\/wp\/v2\/media\/793045764"}],"wp:attachment":[{"href":"https:\/\/autostil.ba\/maloprodaja\/wp-json\/wp\/v2\/media?parent=141203"}],"wp:term":[{"taxonomy":"product_brand","embeddable":true,"href":"https:\/\/autostil.ba\/maloprodaja\/wp-json\/wp\/v2\/product_brand?post=141203"},{"taxonomy":"product_cat","embeddable":true,"href":"https:\/\/autostil.ba\/maloprodaja\/wp-json\/wp\/v2\/product_cat?post=141203"},{"taxonomy":"product_tag","embeddable":true,"href":"https:\/\/autostil.ba\/maloprodaja\/wp-json\/wp\/v2\/product_tag?post=141203"}],"curies":[{"name":"wp","href":"https:\/\/api.w.org\/{rel}","templated":true}]}}