{"id":141193,"date":"2024-07-18T09:45:04","date_gmt":"2024-07-18T07:45:04","guid":{"rendered":"https:\/\/autostil.ba\/maloprodaja\/?post_type=product&#038;p=141193"},"modified":"2026-04-08T12:18:09","modified_gmt":"2026-04-08T10:18:09","slug":"antena-stap-siva-max-fi5-fi6","status":"publish","type":"product","link":"https:\/\/autostil.ba\/maloprodaja\/proizvod\/6331\/antena-stap-siva-max-fi5-fi6\/","title":{"rendered":"ANTENA \u0160TAP SIVA MAX FI5 FI6"},"content":{"rendered":"","protected":false},"excerpt":{"rendered":"<p>ANTENA \u0160TAP SIVA MAX FI5 FI6  \u010celi\u010dna siva \u0161tap antena  sa vazdu\u0161nim vijkom na krovnoj anteni. Du\u017eina: 10cm, navoj: &#8211; M5.  Pri\u010dvrstite uvijanjem.  Pogodno za sve vrste autoantena.<\/p>\n","protected":false},"featured_media":141194,"comment_status":"open","ping_status":"closed","template":"","meta":{"_acf_changed":false,"inline_featured_image":false},"product_brand":[],"product_cat":[82],"product_tag":[],"class_list":{"0":"post-141193","1":"product","2":"type-product","3":"status-publish","4":"has-post-thumbnail","6":"product_cat-antene-za-automobile-i-adapteri","8":"first","9":"instock","10":"taxable","11":"shipping-taxable","12":"purchasable","13":"product-type-simple"},"acf":[],"custom_product_id":"6331","_links":{"self":[{"href":"https:\/\/autostil.ba\/maloprodaja\/wp-json\/wp\/v2\/product\/141193","targetHints":{"allow":["GET"]}}],"collection":[{"href":"https:\/\/autostil.ba\/maloprodaja\/wp-json\/wp\/v2\/product"}],"about":[{"href":"https:\/\/autostil.ba\/maloprodaja\/wp-json\/wp\/v2\/types\/product"}],"replies":[{"embeddable":true,"href":"https:\/\/autostil.ba\/maloprodaja\/wp-json\/wp\/v2\/comments?post=141193"}],"version-history":[{"count":1,"href":"https:\/\/autostil.ba\/maloprodaja\/wp-json\/wp\/v2\/product\/141193\/revisions"}],"predecessor-version":[{"id":141195,"href":"https:\/\/autostil.ba\/maloprodaja\/wp-json\/wp\/v2\/product\/141193\/revisions\/141195"}],"wp:featuredmedia":[{"embeddable":true,"href":"https:\/\/autostil.ba\/maloprodaja\/wp-json\/wp\/v2\/media\/141194"}],"wp:attachment":[{"href":"https:\/\/autostil.ba\/maloprodaja\/wp-json\/wp\/v2\/media?parent=141193"}],"wp:term":[{"taxonomy":"product_brand","embeddable":true,"href":"https:\/\/autostil.ba\/maloprodaja\/wp-json\/wp\/v2\/product_brand?post=141193"},{"taxonomy":"product_cat","embeddable":true,"href":"https:\/\/autostil.ba\/maloprodaja\/wp-json\/wp\/v2\/product_cat?post=141193"},{"taxonomy":"product_tag","embeddable":true,"href":"https:\/\/autostil.ba\/maloprodaja\/wp-json\/wp\/v2\/product_tag?post=141193"}],"curies":[{"name":"wp","href":"https:\/\/api.w.org\/{rel}","templated":true}]}}