{"id":140203,"date":"2024-07-18T09:44:13","date_gmt":"2024-07-18T07:44:13","guid":{"rendered":"https:\/\/autostil.ba\/maloprodaja\/?post_type=product&#038;p=140203"},"modified":"2026-04-08T12:17:23","modified_gmt":"2026-04-08T10:17:23","slug":"poklopac-rucke-mjenjaca-vw-transporter-t5-6-brzina","status":"publish","type":"product","link":"https:\/\/autostil.ba\/maloprodaja\/proizvod\/5500\/poklopac-rucke-mjenjaca-vw-transporter-t5-6-brzina\/","title":{"rendered":"POKLOPAC RU\u010cKE MJENJA\u010cA VW TRANSPORTER T5, 6 BRZINA"},"content":{"rendered":"","protected":false},"excerpt":{"rendered":"<p>POKLOPAC RU\u010cKE MJENJA\u010cA VW TRANSPORTER T5, 6 BRZINA<\/p>\n","protected":false},"featured_media":793047404,"comment_status":"open","ping_status":"closed","template":"","meta":{"_acf_changed":false,"inline_featured_image":false},"product_brand":[],"product_cat":[903],"product_tag":[],"class_list":{"0":"post-140203","1":"product","2":"type-product","3":"status-publish","4":"has-post-thumbnail","6":"product_cat-dodatni-dijelovi-rucke-mjenjaca","7":"pa_brend-volkswagen","9":"first","10":"instock","11":"taxable","12":"shipping-taxable","13":"purchasable","14":"product-type-simple"},"acf":[],"custom_product_id":"5500","_links":{"self":[{"href":"https:\/\/autostil.ba\/maloprodaja\/wp-json\/wp\/v2\/product\/140203","targetHints":{"allow":["GET"]}}],"collection":[{"href":"https:\/\/autostil.ba\/maloprodaja\/wp-json\/wp\/v2\/product"}],"about":[{"href":"https:\/\/autostil.ba\/maloprodaja\/wp-json\/wp\/v2\/types\/product"}],"replies":[{"embeddable":true,"href":"https:\/\/autostil.ba\/maloprodaja\/wp-json\/wp\/v2\/comments?post=140203"}],"version-history":[{"count":2,"href":"https:\/\/autostil.ba\/maloprodaja\/wp-json\/wp\/v2\/product\/140203\/revisions"}],"predecessor-version":[{"id":159905,"href":"https:\/\/autostil.ba\/maloprodaja\/wp-json\/wp\/v2\/product\/140203\/revisions\/159905"}],"wp:featuredmedia":[{"embeddable":true,"href":"https:\/\/autostil.ba\/maloprodaja\/wp-json\/wp\/v2\/media\/793047404"}],"wp:attachment":[{"href":"https:\/\/autostil.ba\/maloprodaja\/wp-json\/wp\/v2\/media?parent=140203"}],"wp:term":[{"taxonomy":"product_brand","embeddable":true,"href":"https:\/\/autostil.ba\/maloprodaja\/wp-json\/wp\/v2\/product_brand?post=140203"},{"taxonomy":"product_cat","embeddable":true,"href":"https:\/\/autostil.ba\/maloprodaja\/wp-json\/wp\/v2\/product_cat?post=140203"},{"taxonomy":"product_tag","embeddable":true,"href":"https:\/\/autostil.ba\/maloprodaja\/wp-json\/wp\/v2\/product_tag?post=140203"}],"curies":[{"name":"wp","href":"https:\/\/api.w.org\/{rel}","templated":true}]}}