{"id":139993,"date":"2024-12-18T10:22:58","date_gmt":"2024-12-18T08:22:58","guid":{"rendered":"https:\/\/autostil.ba\/maloprodaja\/?post_type=product&#038;p=139993"},"modified":"2026-04-08T12:17:17","modified_gmt":"2026-04-08T10:17:17","slug":"selna-10-16","status":"publish","type":"product","link":"https:\/\/autostil.ba\/maloprodaja\/proizvod\/5064\/selna-10-16\/","title":{"rendered":"\u0160ELNA 10\/16"},"content":{"rendered":"","protected":false},"excerpt":{"rendered":"<p>\u0160ELNA 10\/16 Namijenjene su \u0161irokoj potro\u0161nji za pri\u010dvr\u0161\u0107ivanje gumenih ili plasti\u010dnih cijevi.<\/p>\n","protected":false},"featured_media":139994,"comment_status":"open","ping_status":"closed","template":"","meta":{"_acf_changed":false,"inline_featured_image":false},"product_brand":[],"product_cat":[142],"product_tag":[],"class_list":{"0":"post-139993","1":"product","2":"type-product","3":"status-publish","4":"has-post-thumbnail","6":"product_cat-selne","8":"first","9":"instock","10":"taxable","11":"shipping-taxable","12":"purchasable","13":"product-type-simple"},"acf":[],"custom_product_id":"5064","_links":{"self":[{"href":"https:\/\/autostil.ba\/maloprodaja\/wp-json\/wp\/v2\/product\/139993","targetHints":{"allow":["GET"]}}],"collection":[{"href":"https:\/\/autostil.ba\/maloprodaja\/wp-json\/wp\/v2\/product"}],"about":[{"href":"https:\/\/autostil.ba\/maloprodaja\/wp-json\/wp\/v2\/types\/product"}],"replies":[{"embeddable":true,"href":"https:\/\/autostil.ba\/maloprodaja\/wp-json\/wp\/v2\/comments?post=139993"}],"version-history":[{"count":1,"href":"https:\/\/autostil.ba\/maloprodaja\/wp-json\/wp\/v2\/product\/139993\/revisions"}],"predecessor-version":[{"id":139995,"href":"https:\/\/autostil.ba\/maloprodaja\/wp-json\/wp\/v2\/product\/139993\/revisions\/139995"}],"wp:featuredmedia":[{"embeddable":true,"href":"https:\/\/autostil.ba\/maloprodaja\/wp-json\/wp\/v2\/media\/139994"}],"wp:attachment":[{"href":"https:\/\/autostil.ba\/maloprodaja\/wp-json\/wp\/v2\/media?parent=139993"}],"wp:term":[{"taxonomy":"product_brand","embeddable":true,"href":"https:\/\/autostil.ba\/maloprodaja\/wp-json\/wp\/v2\/product_brand?post=139993"},{"taxonomy":"product_cat","embeddable":true,"href":"https:\/\/autostil.ba\/maloprodaja\/wp-json\/wp\/v2\/product_cat?post=139993"},{"taxonomy":"product_tag","embeddable":true,"href":"https:\/\/autostil.ba\/maloprodaja\/wp-json\/wp\/v2\/product_tag?post=139993"}],"curies":[{"name":"wp","href":"https:\/\/api.w.org\/{rel}","templated":true}]}}