{"id":139983,"date":"2024-07-18T09:43:57","date_gmt":"2024-07-18T07:43:57","guid":{"rendered":"https:\/\/autostil.ba\/maloprodaja\/?post_type=product&#038;p=139983"},"modified":"2026-04-08T12:17:12","modified_gmt":"2026-04-08T10:17:12","slug":"poklopac-rucke-mjenjaca-vw-caddy-od-2004-touran-5-brzina","status":"publish","type":"product","link":"https:\/\/autostil.ba\/maloprodaja\/proizvod\/4974\/poklopac-rucke-mjenjaca-vw-caddy-od-2004-touran-5-brzina\/","title":{"rendered":"POKLOPAC RU\u010cKE MJENJA\u010cA VW CADDY OD 2004, TOURAN, 5 BRZINA"},"content":{"rendered":"","protected":false},"excerpt":{"rendered":"<p>POKLOPAC RU\u010cKE MJENJA\u010cA VW CADDY OD 2004, TOURAN, 5 BRZINA<\/p>\n","protected":false},"featured_media":793047406,"comment_status":"open","ping_status":"closed","template":"","meta":{"_acf_changed":false,"inline_featured_image":false},"product_brand":[],"product_cat":[903],"product_tag":[],"class_list":{"0":"post-139983","1":"product","2":"type-product","3":"status-publish","4":"has-post-thumbnail","6":"product_cat-dodatni-dijelovi-rucke-mjenjaca","7":"pa_brend-volkswagen","9":"first","10":"instock","11":"taxable","12":"shipping-taxable","13":"purchasable","14":"product-type-simple"},"acf":[],"custom_product_id":"4974","_links":{"self":[{"href":"https:\/\/autostil.ba\/maloprodaja\/wp-json\/wp\/v2\/product\/139983","targetHints":{"allow":["GET"]}}],"collection":[{"href":"https:\/\/autostil.ba\/maloprodaja\/wp-json\/wp\/v2\/product"}],"about":[{"href":"https:\/\/autostil.ba\/maloprodaja\/wp-json\/wp\/v2\/types\/product"}],"replies":[{"embeddable":true,"href":"https:\/\/autostil.ba\/maloprodaja\/wp-json\/wp\/v2\/comments?post=139983"}],"version-history":[{"count":2,"href":"https:\/\/autostil.ba\/maloprodaja\/wp-json\/wp\/v2\/product\/139983\/revisions"}],"predecessor-version":[{"id":159860,"href":"https:\/\/autostil.ba\/maloprodaja\/wp-json\/wp\/v2\/product\/139983\/revisions\/159860"}],"wp:featuredmedia":[{"embeddable":true,"href":"https:\/\/autostil.ba\/maloprodaja\/wp-json\/wp\/v2\/media\/793047406"}],"wp:attachment":[{"href":"https:\/\/autostil.ba\/maloprodaja\/wp-json\/wp\/v2\/media?parent=139983"}],"wp:term":[{"taxonomy":"product_brand","embeddable":true,"href":"https:\/\/autostil.ba\/maloprodaja\/wp-json\/wp\/v2\/product_brand?post=139983"},{"taxonomy":"product_cat","embeddable":true,"href":"https:\/\/autostil.ba\/maloprodaja\/wp-json\/wp\/v2\/product_cat?post=139983"},{"taxonomy":"product_tag","embeddable":true,"href":"https:\/\/autostil.ba\/maloprodaja\/wp-json\/wp\/v2\/product_tag?post=139983"}],"curies":[{"name":"wp","href":"https:\/\/api.w.org\/{rel}","templated":true}]}}