{"id":139753,"date":"2025-02-10T12:59:44","date_gmt":"2025-02-10T10:59:44","guid":{"rendered":"https:\/\/autostil.ba\/maloprodaja\/?post_type=product&#038;p=139753"},"modified":"2026-04-08T12:17:00","modified_gmt":"2026-04-08T10:17:00","slug":"oklop-za-kljuc-vw-passat-od-2005-3-tipke","status":"publish","type":"product","link":"https:\/\/autostil.ba\/maloprodaja\/proizvod\/4862\/oklop-za-kljuc-vw-passat-od-2005-3-tipke\/","title":{"rendered":"OKLOP ZA KLJU\u010c VW PASSAT OD 2005, 3 TIPKE"},"content":{"rendered":"","protected":false},"excerpt":{"rendered":"<p>OKLOP ZA KLJU\u010c VW PASSAT OD 2005, 3 TIPKE Plasti\u010dno ku\u0107i\u0161te, oklop za auto klju\u010d. Tri tastera, veoma laka zamjena.<\/p>\n","protected":false},"featured_media":139754,"comment_status":"open","ping_status":"closed","template":"","meta":{"_acf_changed":false,"inline_featured_image":false},"product_brand":[],"product_cat":[159],"product_tag":[],"class_list":{"0":"post-139753","1":"product","2":"type-product","3":"status-publish","4":"has-post-thumbnail","6":"product_cat-oklopi-za-kljuceve","7":"pa_brend-volkswagen","9":"first","10":"instock","11":"taxable","12":"shipping-taxable","13":"purchasable","14":"product-type-simple"},"acf":[],"custom_product_id":"4862","_links":{"self":[{"href":"https:\/\/autostil.ba\/maloprodaja\/wp-json\/wp\/v2\/product\/139753","targetHints":{"allow":["GET"]}}],"collection":[{"href":"https:\/\/autostil.ba\/maloprodaja\/wp-json\/wp\/v2\/product"}],"about":[{"href":"https:\/\/autostil.ba\/maloprodaja\/wp-json\/wp\/v2\/types\/product"}],"replies":[{"embeddable":true,"href":"https:\/\/autostil.ba\/maloprodaja\/wp-json\/wp\/v2\/comments?post=139753"}],"version-history":[{"count":1,"href":"https:\/\/autostil.ba\/maloprodaja\/wp-json\/wp\/v2\/product\/139753\/revisions"}],"predecessor-version":[{"id":139755,"href":"https:\/\/autostil.ba\/maloprodaja\/wp-json\/wp\/v2\/product\/139753\/revisions\/139755"}],"wp:featuredmedia":[{"embeddable":true,"href":"https:\/\/autostil.ba\/maloprodaja\/wp-json\/wp\/v2\/media\/139754"}],"wp:attachment":[{"href":"https:\/\/autostil.ba\/maloprodaja\/wp-json\/wp\/v2\/media?parent=139753"}],"wp:term":[{"taxonomy":"product_brand","embeddable":true,"href":"https:\/\/autostil.ba\/maloprodaja\/wp-json\/wp\/v2\/product_brand?post=139753"},{"taxonomy":"product_cat","embeddable":true,"href":"https:\/\/autostil.ba\/maloprodaja\/wp-json\/wp\/v2\/product_cat?post=139753"},{"taxonomy":"product_tag","embeddable":true,"href":"https:\/\/autostil.ba\/maloprodaja\/wp-json\/wp\/v2\/product_tag?post=139753"}],"curies":[{"name":"wp","href":"https:\/\/api.w.org\/{rel}","templated":true}]}}