{"id":139363,"date":"2024-07-18T09:43:21","date_gmt":"2024-07-18T07:43:21","guid":{"rendered":"https:\/\/autostil.ba\/maloprodaja\/?post_type=product&#038;p=139363"},"modified":"2026-04-08T12:16:42","modified_gmt":"2026-04-08T10:16:42","slug":"navlake-noznih-komandi-gumene-cp-1","status":"publish","type":"product","link":"https:\/\/autostil.ba\/maloprodaja\/proizvod\/4326\/navlake-noznih-komandi-gumene-cp-1\/","title":{"rendered":"NAVLAKE NO\u017dNIH KOMANDI GUMENE CP 1"},"content":{"rendered":"","protected":false},"excerpt":{"rendered":"<p>NAVLAKE NO\u017dNIH KOMANDI GUMENE CP 1 Jastu\u010di\u0107i prilago\u0111eni pedali  CP 1. Pogodno za zamjenu originalnih poklopaca papu\u010dice ko\u010dnice i kva\u010dila. Izra\u0111ena od gume, povr\u0161ina protiv klizanja. Prilago\u0111en sistem ugradnje.<br \/>\nCompatible for<br \/>\nBrand\tModel\tYear<br \/>\nFiat\t126\t01\/72&gt;09\/00<br \/>\nFiat\t500\t07\/57&gt;08\/75<br \/>\nFiat\tCinquecento\t01\/91&gt;12\/98<br \/>\nFiat\tSeicento\t01\/98&gt;06\/11<br \/>\nOpel\tMeriva\t02\/14&gt;05\/17<\/p>\n","protected":false},"featured_media":139364,"comment_status":"open","ping_status":"closed","template":"","meta":{"_acf_changed":false,"inline_featured_image":false},"product_brand":[],"product_cat":[158],"product_tag":[],"class_list":{"0":"post-139363","1":"product","2":"type-product","3":"status-publish","4":"has-post-thumbnail","6":"product_cat-navlake-noznih-komandi","8":"first","9":"instock","10":"taxable","11":"shipping-taxable","12":"purchasable","13":"product-type-simple"},"acf":[],"custom_product_id":"4326","_links":{"self":[{"href":"https:\/\/autostil.ba\/maloprodaja\/wp-json\/wp\/v2\/product\/139363","targetHints":{"allow":["GET"]}}],"collection":[{"href":"https:\/\/autostil.ba\/maloprodaja\/wp-json\/wp\/v2\/product"}],"about":[{"href":"https:\/\/autostil.ba\/maloprodaja\/wp-json\/wp\/v2\/types\/product"}],"replies":[{"embeddable":true,"href":"https:\/\/autostil.ba\/maloprodaja\/wp-json\/wp\/v2\/comments?post=139363"}],"version-history":[{"count":1,"href":"https:\/\/autostil.ba\/maloprodaja\/wp-json\/wp\/v2\/product\/139363\/revisions"}],"predecessor-version":[{"id":139365,"href":"https:\/\/autostil.ba\/maloprodaja\/wp-json\/wp\/v2\/product\/139363\/revisions\/139365"}],"wp:featuredmedia":[{"embeddable":true,"href":"https:\/\/autostil.ba\/maloprodaja\/wp-json\/wp\/v2\/media\/139364"}],"wp:attachment":[{"href":"https:\/\/autostil.ba\/maloprodaja\/wp-json\/wp\/v2\/media?parent=139363"}],"wp:term":[{"taxonomy":"product_brand","embeddable":true,"href":"https:\/\/autostil.ba\/maloprodaja\/wp-json\/wp\/v2\/product_brand?post=139363"},{"taxonomy":"product_cat","embeddable":true,"href":"https:\/\/autostil.ba\/maloprodaja\/wp-json\/wp\/v2\/product_cat?post=139363"},{"taxonomy":"product_tag","embeddable":true,"href":"https:\/\/autostil.ba\/maloprodaja\/wp-json\/wp\/v2\/product_tag?post=139363"}],"curies":[{"name":"wp","href":"https:\/\/api.w.org\/{rel}","templated":true}]}}