{"id":139053,"date":"2024-07-18T09:43:01","date_gmt":"2024-07-18T09:43:01","guid":{"rendered":"https:\/\/autostil.ba\/maloprodaja\/?post_type=product&#038;p=139053"},"modified":"2026-04-08T12:16:30","modified_gmt":"2026-04-08T10:16:30","slug":"plasticni-natpis-bmw-m-power-obicna","status":"publish","type":"product","link":"https:\/\/autostil.ba\/maloprodaja\/proizvod\/3725\/plasticni-natpis-bmw-m-power-obicna\/","title":{"rendered":"PLASTI\u010cNI NATPIS BMW M POWER OBI\u010cNA"},"content":{"rendered":"","protected":false},"excerpt":{"rendered":"<p>PLASTI\u010cNI NATPIS BMW M POWER OBI\u010cNA<\/p>\n","protected":false},"featured_media":139054,"comment_status":"open","ping_status":"closed","template":"","meta":{"_acf_changed":false,"inline_featured_image":false},"product_brand":[],"product_cat":[27],"product_tag":[],"class_list":{"0":"post-139053","1":"product","2":"type-product","3":"status-publish","4":"has-post-thumbnail","6":"product_cat-oznake-natpisi-i-amblemi","7":"pa_brend-bmw","9":"first","10":"instock","11":"taxable","12":"shipping-taxable","13":"purchasable","14":"product-type-simple"},"acf":[],"custom_product_id":"3725","_links":{"self":[{"href":"https:\/\/autostil.ba\/maloprodaja\/wp-json\/wp\/v2\/product\/139053","targetHints":{"allow":["GET"]}}],"collection":[{"href":"https:\/\/autostil.ba\/maloprodaja\/wp-json\/wp\/v2\/product"}],"about":[{"href":"https:\/\/autostil.ba\/maloprodaja\/wp-json\/wp\/v2\/types\/product"}],"replies":[{"embeddable":true,"href":"https:\/\/autostil.ba\/maloprodaja\/wp-json\/wp\/v2\/comments?post=139053"}],"version-history":[{"count":1,"href":"https:\/\/autostil.ba\/maloprodaja\/wp-json\/wp\/v2\/product\/139053\/revisions"}],"predecessor-version":[{"id":139055,"href":"https:\/\/autostil.ba\/maloprodaja\/wp-json\/wp\/v2\/product\/139053\/revisions\/139055"}],"wp:featuredmedia":[{"embeddable":true,"href":"https:\/\/autostil.ba\/maloprodaja\/wp-json\/wp\/v2\/media\/139054"}],"wp:attachment":[{"href":"https:\/\/autostil.ba\/maloprodaja\/wp-json\/wp\/v2\/media?parent=139053"}],"wp:term":[{"taxonomy":"product_brand","embeddable":true,"href":"https:\/\/autostil.ba\/maloprodaja\/wp-json\/wp\/v2\/product_brand?post=139053"},{"taxonomy":"product_cat","embeddable":true,"href":"https:\/\/autostil.ba\/maloprodaja\/wp-json\/wp\/v2\/product_cat?post=139053"},{"taxonomy":"product_tag","embeddable":true,"href":"https:\/\/autostil.ba\/maloprodaja\/wp-json\/wp\/v2\/product_tag?post=139053"}],"curies":[{"name":"wp","href":"https:\/\/api.w.org\/{rel}","templated":true}]}}