{"id":138973,"date":"2024-07-18T09:42:57","date_gmt":"2024-07-18T09:42:57","guid":{"rendered":"https:\/\/autostil.ba\/maloprodaja\/?post_type=product&#038;p=138973"},"modified":"2026-04-08T12:16:24","modified_gmt":"2026-04-08T10:16:24","slug":"kozna-navlaka-rucne-kocnice-opel-vectra-b-1995-do-2002","status":"publish","type":"product","link":"https:\/\/autostil.ba\/maloprodaja\/proizvod\/3562\/kozna-navlaka-rucne-kocnice-opel-vectra-b-1995-do-2002\/","title":{"rendered":"KO\u017dNA NAVLAKA RU\u010cNE KO\u010cNICE OPEL VECTRA B 1995 DO 2002"},"content":{"rendered":"","protected":false},"excerpt":{"rendered":"<p>KO\u017dNA NAVLAKA RU\u010cNE KO\u010cNICE OPEL VECTRA B 1995 DO 2002<\/p>\n","protected":false},"featured_media":138974,"comment_status":"open","ping_status":"closed","template":"","meta":{"_acf_changed":false,"inline_featured_image":false},"product_brand":[],"product_cat":[902],"product_tag":[],"class_list":{"0":"post-138973","1":"product","2":"type-product","3":"status-publish","4":"has-post-thumbnail","6":"product_cat-koze-rucne-kocnice","7":"pa_brend-opel","9":"first","10":"instock","11":"taxable","12":"shipping-taxable","13":"purchasable","14":"product-type-simple"},"acf":[],"custom_product_id":"3562","_links":{"self":[{"href":"https:\/\/autostil.ba\/maloprodaja\/wp-json\/wp\/v2\/product\/138973","targetHints":{"allow":["GET"]}}],"collection":[{"href":"https:\/\/autostil.ba\/maloprodaja\/wp-json\/wp\/v2\/product"}],"about":[{"href":"https:\/\/autostil.ba\/maloprodaja\/wp-json\/wp\/v2\/types\/product"}],"replies":[{"embeddable":true,"href":"https:\/\/autostil.ba\/maloprodaja\/wp-json\/wp\/v2\/comments?post=138973"}],"version-history":[{"count":1,"href":"https:\/\/autostil.ba\/maloprodaja\/wp-json\/wp\/v2\/product\/138973\/revisions"}],"predecessor-version":[{"id":138975,"href":"https:\/\/autostil.ba\/maloprodaja\/wp-json\/wp\/v2\/product\/138973\/revisions\/138975"}],"wp:featuredmedia":[{"embeddable":true,"href":"https:\/\/autostil.ba\/maloprodaja\/wp-json\/wp\/v2\/media\/138974"}],"wp:attachment":[{"href":"https:\/\/autostil.ba\/maloprodaja\/wp-json\/wp\/v2\/media?parent=138973"}],"wp:term":[{"taxonomy":"product_brand","embeddable":true,"href":"https:\/\/autostil.ba\/maloprodaja\/wp-json\/wp\/v2\/product_brand?post=138973"},{"taxonomy":"product_cat","embeddable":true,"href":"https:\/\/autostil.ba\/maloprodaja\/wp-json\/wp\/v2\/product_cat?post=138973"},{"taxonomy":"product_tag","embeddable":true,"href":"https:\/\/autostil.ba\/maloprodaja\/wp-json\/wp\/v2\/product_tag?post=138973"}],"curies":[{"name":"wp","href":"https:\/\/api.w.org\/{rel}","templated":true}]}}