{"id":138723,"date":"2025-11-27T18:18:44","date_gmt":"2025-11-27T16:18:44","guid":{"rendered":"https:\/\/autostil.ba\/maloprodaja\/?post_type=product&#038;p=138723"},"modified":"2026-04-08T12:16:12","modified_gmt":"2026-04-08T10:16:12","slug":"patosnice-tepih-tipske-suzuki-sx4-od-2005-do-2013","status":"publish","type":"product","link":"https:\/\/autostil.ba\/maloprodaja\/proizvod\/3249\/patosnice-tepih-tipske-suzuki-sx4-od-2005-do-2013\/","title":{"rendered":"PATOSNICE TEPIH TIPSKE SUZUKI SX4 2006-2014"},"content":{"rendered":"","protected":false},"excerpt":{"rendered":"<p>Tipske tepih patosnice izra\u0111ene su od visokokvalitetnog materijala i prema odre\u0111enom modelu automobila. Podloga onemogu\u0107ava klizanje patosnice.<\/p>\n","protected":false},"featured_media":138724,"comment_status":"open","ping_status":"closed","template":"","meta":{"_acf_changed":false,"inline_featured_image":false},"product_brand":[],"product_cat":[30],"product_tag":[],"class_list":{"0":"post-138723","1":"product","2":"type-product","3":"status-publish","4":"has-post-thumbnail","6":"product_cat-auto-patosnice-tipske","7":"pa_brend-suzuki","8":"pa_materijal-platnene","10":"first","11":"instock","12":"taxable","13":"shipping-taxable","14":"purchasable","15":"product-type-simple"},"acf":[],"custom_product_id":"3249","_links":{"self":[{"href":"https:\/\/autostil.ba\/maloprodaja\/wp-json\/wp\/v2\/product\/138723","targetHints":{"allow":["GET"]}}],"collection":[{"href":"https:\/\/autostil.ba\/maloprodaja\/wp-json\/wp\/v2\/product"}],"about":[{"href":"https:\/\/autostil.ba\/maloprodaja\/wp-json\/wp\/v2\/types\/product"}],"replies":[{"embeddable":true,"href":"https:\/\/autostil.ba\/maloprodaja\/wp-json\/wp\/v2\/comments?post=138723"}],"version-history":[{"count":2,"href":"https:\/\/autostil.ba\/maloprodaja\/wp-json\/wp\/v2\/product\/138723\/revisions"}],"predecessor-version":[{"id":793051971,"href":"https:\/\/autostil.ba\/maloprodaja\/wp-json\/wp\/v2\/product\/138723\/revisions\/793051971"}],"wp:featuredmedia":[{"embeddable":true,"href":"https:\/\/autostil.ba\/maloprodaja\/wp-json\/wp\/v2\/media\/138724"}],"wp:attachment":[{"href":"https:\/\/autostil.ba\/maloprodaja\/wp-json\/wp\/v2\/media?parent=138723"}],"wp:term":[{"taxonomy":"product_brand","embeddable":true,"href":"https:\/\/autostil.ba\/maloprodaja\/wp-json\/wp\/v2\/product_brand?post=138723"},{"taxonomy":"product_cat","embeddable":true,"href":"https:\/\/autostil.ba\/maloprodaja\/wp-json\/wp\/v2\/product_cat?post=138723"},{"taxonomy":"product_tag","embeddable":true,"href":"https:\/\/autostil.ba\/maloprodaja\/wp-json\/wp\/v2\/product_tag?post=138723"}],"curies":[{"name":"wp","href":"https:\/\/api.w.org\/{rel}","templated":true}]}}