{"id":138323,"date":"2024-12-18T10:14:22","date_gmt":"2024-12-18T08:14:22","guid":{"rendered":"https:\/\/autostil.ba\/maloprodaja\/?post_type=product&#038;p=138323"},"modified":"2026-04-08T12:15:45","modified_gmt":"2026-04-08T10:15:45","slug":"nosac-zadnje-metlice-brisaca-opel-astra-g-karavancorsa-c","status":"publish","type":"product","link":"https:\/\/autostil.ba\/maloprodaja\/proizvod\/2605\/nosac-zadnje-metlice-brisaca-opel-astra-g-karavancorsa-c\/","title":{"rendered":"NOSA\u010c ZADNJE METLICE BRISA\u010cA OPEL ASTRA G KARAVAN,CORSA C"},"content":{"rendered":"","protected":false},"excerpt":{"rendered":"<p>NOSA\u010c ZADNJE METLICE BRISA\u010cA OPEL ASTRA G KARAVAN,CORSA C<\/p>\n","protected":false},"featured_media":159405,"comment_status":"open","ping_status":"closed","template":"","meta":{"_acf_changed":false,"inline_featured_image":false},"product_brand":[],"product_cat":[175],"product_tag":[],"class_list":{"0":"post-138323","1":"product","2":"type-product","3":"status-publish","4":"has-post-thumbnail","6":"product_cat-nosac-zadnje-metlice-brisaca","8":"first","9":"instock","10":"taxable","11":"shipping-taxable","12":"purchasable","13":"product-type-simple"},"acf":[],"custom_product_id":"2605","_links":{"self":[{"href":"https:\/\/autostil.ba\/maloprodaja\/wp-json\/wp\/v2\/product\/138323","targetHints":{"allow":["GET"]}}],"collection":[{"href":"https:\/\/autostil.ba\/maloprodaja\/wp-json\/wp\/v2\/product"}],"about":[{"href":"https:\/\/autostil.ba\/maloprodaja\/wp-json\/wp\/v2\/types\/product"}],"replies":[{"embeddable":true,"href":"https:\/\/autostil.ba\/maloprodaja\/wp-json\/wp\/v2\/comments?post=138323"}],"version-history":[{"count":1,"href":"https:\/\/autostil.ba\/maloprodaja\/wp-json\/wp\/v2\/product\/138323\/revisions"}],"predecessor-version":[{"id":138324,"href":"https:\/\/autostil.ba\/maloprodaja\/wp-json\/wp\/v2\/product\/138323\/revisions\/138324"}],"wp:featuredmedia":[{"embeddable":true,"href":"https:\/\/autostil.ba\/maloprodaja\/wp-json\/wp\/v2\/media\/159405"}],"wp:attachment":[{"href":"https:\/\/autostil.ba\/maloprodaja\/wp-json\/wp\/v2\/media?parent=138323"}],"wp:term":[{"taxonomy":"product_brand","embeddable":true,"href":"https:\/\/autostil.ba\/maloprodaja\/wp-json\/wp\/v2\/product_brand?post=138323"},{"taxonomy":"product_cat","embeddable":true,"href":"https:\/\/autostil.ba\/maloprodaja\/wp-json\/wp\/v2\/product_cat?post=138323"},{"taxonomy":"product_tag","embeddable":true,"href":"https:\/\/autostil.ba\/maloprodaja\/wp-json\/wp\/v2\/product_tag?post=138323"}],"curies":[{"name":"wp","href":"https:\/\/api.w.org\/{rel}","templated":true}]}}