{"id":138313,"date":"2024-07-18T09:42:21","date_gmt":"2024-07-18T07:42:21","guid":{"rendered":"https:\/\/autostil.ba\/maloprodaja\/?post_type=product&#038;p=138313"},"modified":"2026-04-08T12:15:45","modified_gmt":"2026-04-08T10:15:45","slug":"nosac-zadnje-metlice-brisaca-vw-golf-5polo-2002-passat","status":"publish","type":"product","link":"https:\/\/autostil.ba\/maloprodaja\/proizvod\/2604\/nosac-zadnje-metlice-brisaca-vw-golf-5polo-2002-passat\/","title":{"rendered":"NOSA\u010c ZADNJE METLICE BRISA\u010cA VW GOLF 5,POLO 2002 , PASSAT"},"content":{"rendered":"","protected":false},"excerpt":{"rendered":"<p>NOSA\u010c ZADNJE METLICE BRISA\u010cA VW GOLF 5,POLO 2002 ,<br \/>\nPASSAT<\/p>\n","protected":false},"featured_media":138314,"comment_status":"open","ping_status":"closed","template":"","meta":{"_acf_changed":false,"inline_featured_image":false},"product_brand":[],"product_cat":[175],"product_tag":[],"class_list":{"0":"post-138313","1":"product","2":"type-product","3":"status-publish","4":"has-post-thumbnail","6":"product_cat-nosac-zadnje-metlice-brisaca","8":"first","9":"instock","10":"taxable","11":"shipping-taxable","12":"purchasable","13":"product-type-simple"},"acf":[],"custom_product_id":"2604","_links":{"self":[{"href":"https:\/\/autostil.ba\/maloprodaja\/wp-json\/wp\/v2\/product\/138313","targetHints":{"allow":["GET"]}}],"collection":[{"href":"https:\/\/autostil.ba\/maloprodaja\/wp-json\/wp\/v2\/product"}],"about":[{"href":"https:\/\/autostil.ba\/maloprodaja\/wp-json\/wp\/v2\/types\/product"}],"replies":[{"embeddable":true,"href":"https:\/\/autostil.ba\/maloprodaja\/wp-json\/wp\/v2\/comments?post=138313"}],"version-history":[{"count":2,"href":"https:\/\/autostil.ba\/maloprodaja\/wp-json\/wp\/v2\/product\/138313\/revisions"}],"predecessor-version":[{"id":793047795,"href":"https:\/\/autostil.ba\/maloprodaja\/wp-json\/wp\/v2\/product\/138313\/revisions\/793047795"}],"wp:featuredmedia":[{"embeddable":true,"href":"https:\/\/autostil.ba\/maloprodaja\/wp-json\/wp\/v2\/media\/138314"}],"wp:attachment":[{"href":"https:\/\/autostil.ba\/maloprodaja\/wp-json\/wp\/v2\/media?parent=138313"}],"wp:term":[{"taxonomy":"product_brand","embeddable":true,"href":"https:\/\/autostil.ba\/maloprodaja\/wp-json\/wp\/v2\/product_brand?post=138313"},{"taxonomy":"product_cat","embeddable":true,"href":"https:\/\/autostil.ba\/maloprodaja\/wp-json\/wp\/v2\/product_cat?post=138313"},{"taxonomy":"product_tag","embeddable":true,"href":"https:\/\/autostil.ba\/maloprodaja\/wp-json\/wp\/v2\/product_tag?post=138313"}],"curies":[{"name":"wp","href":"https:\/\/api.w.org\/{rel}","templated":true}]}}