{"id":138303,"date":"2024-07-18T09:42:20","date_gmt":"2024-07-18T07:42:20","guid":{"rendered":"https:\/\/autostil.ba\/maloprodaja\/?post_type=product&#038;p=138303"},"modified":"2026-04-13T16:00:21","modified_gmt":"2026-04-13T14:00:21","slug":"nosac-zadnje-metlice-brisaca-peugeot-307-308-clio-1-2-megane-1","status":"publish","type":"product","link":"https:\/\/autostil.ba\/maloprodaja\/proizvod\/2603\/nosac-zadnje-metlice-brisaca-peugeot-307-308-clio-1-2-megane-1\/","title":{"rendered":"NOSA\u010c ZADNJE METLICE BRISA\u010cA PEUGEOT 307, 308 CLIO 1, 2 MEGANE 1"},"content":{"rendered":"","protected":false},"excerpt":{"rendered":"<p>NOSA\u010c ZADNJE METLICE BRISA\u010cA PEUGEOT 307, 308 CLIO 1, 2 MEGANE 1<\/p>\n","protected":false},"featured_media":138304,"comment_status":"open","ping_status":"closed","template":"","meta":{"_acf_changed":false,"inline_featured_image":false},"product_brand":[],"product_cat":[175],"product_tag":[],"class_list":{"0":"post-138303","1":"product","2":"type-product","3":"status-publish","4":"has-post-thumbnail","6":"product_cat-nosac-zadnje-metlice-brisaca","8":"first","9":"instock","10":"taxable","11":"shipping-taxable","12":"purchasable","13":"product-type-simple"},"acf":[],"custom_product_id":"2603","_links":{"self":[{"href":"https:\/\/autostil.ba\/maloprodaja\/wp-json\/wp\/v2\/product\/138303","targetHints":{"allow":["GET"]}}],"collection":[{"href":"https:\/\/autostil.ba\/maloprodaja\/wp-json\/wp\/v2\/product"}],"about":[{"href":"https:\/\/autostil.ba\/maloprodaja\/wp-json\/wp\/v2\/types\/product"}],"replies":[{"embeddable":true,"href":"https:\/\/autostil.ba\/maloprodaja\/wp-json\/wp\/v2\/comments?post=138303"}],"version-history":[{"count":1,"href":"https:\/\/autostil.ba\/maloprodaja\/wp-json\/wp\/v2\/product\/138303\/revisions"}],"predecessor-version":[{"id":138305,"href":"https:\/\/autostil.ba\/maloprodaja\/wp-json\/wp\/v2\/product\/138303\/revisions\/138305"}],"wp:featuredmedia":[{"embeddable":true,"href":"https:\/\/autostil.ba\/maloprodaja\/wp-json\/wp\/v2\/media\/138304"}],"wp:attachment":[{"href":"https:\/\/autostil.ba\/maloprodaja\/wp-json\/wp\/v2\/media?parent=138303"}],"wp:term":[{"taxonomy":"product_brand","embeddable":true,"href":"https:\/\/autostil.ba\/maloprodaja\/wp-json\/wp\/v2\/product_brand?post=138303"},{"taxonomy":"product_cat","embeddable":true,"href":"https:\/\/autostil.ba\/maloprodaja\/wp-json\/wp\/v2\/product_cat?post=138303"},{"taxonomy":"product_tag","embeddable":true,"href":"https:\/\/autostil.ba\/maloprodaja\/wp-json\/wp\/v2\/product_tag?post=138303"}],"curies":[{"name":"wp","href":"https:\/\/api.w.org\/{rel}","templated":true}]}}